{"id":2148,"date":"2022-04-28T03:59:57","date_gmt":"2022-04-28T01:59:57","guid":{"rendered":"https:\/\/ergosolutions.fr\/?page_id=2148"},"modified":"2023-05-19T22:40:46","modified_gmt":"2023-05-19T20:40:46","slug":"cuisinella","status":"publish","type":"page","link":"https:\/\/ergosolutions.fr\/nl\/cuisinella\/","title":{"rendered":"Cuisinella"},"content":{"rendered":"<div data-elementor-type=\"wp-page\" data-elementor-id=\"2148\" class=\"elementor elementor-2148\" data-elementor-post-type=\"page\">\n\t\t\t\t\t\t<section class=\"elementor-section elementor-top-section elementor-element elementor-element-ba22933 elementor-section-full_width elementor-section-height-default elementor-section-height-default wpr-particle-no wpr-jarallax-no wpr-parallax-no wpr-sticky-section-no\" data-id=\"ba22933\" data-element_type=\"section\" data-e-type=\"section\" data-settings=\"{&quot;shape_divider_bottom&quot;:&quot;mountains&quot;}\">\n\t\t\t\t\t<div class=\"elementor-shape elementor-shape-bottom\" aria-hidden=\"true\" data-negative=\"false\">\n\t\t\t<svg xmlns=\"http:\/\/www.w3.org\/2000\/svg\" viewbox=\"0 0 1000 100\" preserveaspectratio=\"none\">\n\t<path class=\"elementor-shape-fill\" opacity=\"0.33\" d=\"M473,67.3c-203.9,88.3-263.1-34-320.3,0C66,119.1,0,59.7,0,59.7V0h1000v59.7 c0,0-62.1,26.1-94.9,29.3c-32.8,3.3-62.8-12.3-75.8-22.1C806,49.6,745.3,8.7,694.9,4.7S492.4,59,473,67.3z\"\/>\n\t<path class=\"elementor-shape-fill\" opacity=\"0.66\" d=\"M734,67.3c-45.5,0-77.2-23.2-129.1-39.1c-28.6-8.7-150.3-10.1-254,39.1 s-91.7-34.4-149.2,0C115.7,118.3,0,39.8,0,39.8V0h1000v36.5c0,0-28.2-18.5-92.1-18.5C810.2,18.1,775.7,67.3,734,67.3z\"\/>\n\t<path class=\"elementor-shape-fill\" d=\"M766.1,28.9c-200-57.5-266,65.5-395.1,19.5C242,1.8,242,5.4,184.8,20.6C128,35.8,132.3,44.9,89.9,52.5C28.6,63.7,0,0,0,0 h1000c0,0-9.9,40.9-83.6,48.1S829.6,47,766.1,28.9z\"\/>\n<\/svg>\t\t<\/div>\n\t\t\t\t\t<div class=\"elementor-container elementor-column-gap-default\">\n\t\t\t\t\t<div class=\"elementor-column elementor-col-50 elementor-top-column elementor-element elementor-element-fdf4292\" data-id=\"fdf4292\" data-element_type=\"column\" data-e-type=\"column\" data-settings=\"{&quot;background_background&quot;:&quot;classic&quot;}\">\n\t\t\t<div class=\"elementor-widget-wrap elementor-element-populated\">\n\t\t\t\t\t\t<div class=\"elementor-element elementor-element-944bc9a elementor-widget elementor-widget-heading\" data-id=\"944bc9a\" data-element_type=\"widget\" data-e-type=\"widget\" data-widget_type=\"heading.default\">\n\t\t\t\t<div class=\"elementor-widget-container\">\n\t\t\t\t\t<h1 class=\"elementor-heading-title elementor-size-default\">CUISINELLA<\/h1>\t\t\t\t<\/div>\n\t\t\t\t<\/div>\n\t\t\t\t<div class=\"elementor-element elementor-element-93f68ff elementor-widget elementor-widget-text-editor\" data-id=\"93f68ff\" data-element_type=\"widget\" data-e-type=\"widget\" data-widget_type=\"text-editor.default\">\n\t\t\t\t<div class=\"elementor-widget-container\">\n\t\t\t\t\t\t\t\t\t<p><span style=\"color: #db162f;\">NIEUW :<\/span><br \/>Ergosolutions past uw CUISINELLA keuken aan<br \/>in een keuken voor PBM's<\/p>\t\t\t\t\t\t\t\t<\/div>\n\t\t\t\t<\/div>\n\t\t\t\t\t<\/div>\n\t\t<\/div>\n\t\t\t\t<div class=\"elementor-column elementor-col-50 elementor-top-column elementor-element elementor-element-52743a4\" data-id=\"52743a4\" data-element_type=\"column\" data-e-type=\"column\" data-settings=\"{&quot;background_background&quot;:&quot;classic&quot;}\">\n\t\t\t<div class=\"elementor-widget-wrap\">\n\t\t\t\t\t\t\t<\/div>\n\t\t<\/div>\n\t\t\t\t\t<\/div>\n\t\t<\/section>\n\t\t\t\t<section class=\"elementor-section elementor-top-section elementor-element elementor-element-09f60e9 elementor-section-boxed elementor-section-height-default elementor-section-height-default wpr-particle-no wpr-jarallax-no wpr-parallax-no wpr-sticky-section-no\" data-id=\"09f60e9\" data-element_type=\"section\" data-e-type=\"section\">\n\t\t\t\t\t\t<div class=\"elementor-container elementor-column-gap-default\">\n\t\t\t\t\t<div class=\"elementor-column elementor-col-100 elementor-top-column elementor-element elementor-element-d0ae31b\" data-id=\"d0ae31b\" data-element_type=\"column\" data-e-type=\"column\">\n\t\t\t<div class=\"elementor-widget-wrap elementor-element-populated\">\n\t\t\t\t\t\t<div class=\"elementor-element elementor-element-c6a3263 elementor-widget elementor-widget-heading\" data-id=\"c6a3263\" data-element_type=\"widget\" data-e-type=\"widget\" data-widget_type=\"heading.default\">\n\t\t\t\t<div class=\"elementor-widget-container\">\n\t\t\t\t\t<h2 class=\"elementor-heading-title elementor-size-default\">Keukens van CUISINELLA kunnen nu worden uitgerust met elektrische hoogteverstelling van Ergosolutions.\n<\/h2>\t\t\t\t<\/div>\n\t\t\t\t<\/div>\n\t\t\t\t<div class=\"elementor-element elementor-element-5e227e9 elementor-widget elementor-widget-text-editor\" data-id=\"5e227e9\" data-element_type=\"widget\" data-e-type=\"widget\" data-widget_type=\"text-editor.default\">\n\t\t\t\t<div class=\"elementor-widget-container\">\n\t\t\t\t\t\t\t\t\t<p>Met meer dan 270 winkels in Frankrijk en Belgi\u00eb en een zeer uitgebreid assortiment keukens is Cuisinella het nummer 1 keukenmerk voor het grote publiek.<\/p><p>Om deze keukens bruikbaar te maken voor iedereen, vooral voor mensen met een beperking, <a href=\"https:\/\/ergosolutions.fr\/nl\/\">Ergosolutions<\/a> heeft de krachten gebundeld met Cuisinella om werkbladen en meubels uit te rusten met elektrische hoogteverstelling.<\/p>\t\t\t\t\t\t\t\t<\/div>\n\t\t\t\t<\/div>\n\t\t\t\t\t<\/div>\n\t\t<\/div>\n\t\t\t\t\t<\/div>\n\t\t<\/section>\n\t\t\t\t<section class=\"elementor-section elementor-top-section elementor-element elementor-element-cdc432a elementor-section-boxed elementor-section-height-default elementor-section-height-default wpr-particle-no wpr-jarallax-no wpr-parallax-no wpr-sticky-section-no\" data-id=\"cdc432a\" data-element_type=\"section\" data-e-type=\"section\">\n\t\t\t\t\t\t<div class=\"elementor-container elementor-column-gap-default\">\n\t\t\t\t\t<div class=\"elementor-column elementor-col-100 elementor-top-column elementor-element elementor-element-2ba3f97\" data-id=\"2ba3f97\" data-element_type=\"column\" data-e-type=\"column\">\n\t\t\t<div class=\"elementor-widget-wrap elementor-element-populated\">\n\t\t\t\t\t\t<div class=\"elementor-element elementor-element-b3fba52 elementor-widget elementor-widget-text-editor\" data-id=\"b3fba52\" data-element_type=\"widget\" data-e-type=\"widget\" data-widget_type=\"text-editor.default\">\n\t\t\t\t<div class=\"elementor-widget-container\">\n\t\t\t\t\t\t\t\t\t<p class=\"p1\">Onze 1<span class=\"s1\"><sup>re<\/sup><\/span> klant die profiteert van dit partnerschap: mevrouw Boyer (Anizy-le-Ch\u00e2teau).<\/p><p class=\"p1\">Mevrouw Boyer vond de keuken van haar dromen bij Cuisinella en vroeg Ergosolutions of het mogelijk was deze in te richten. Een werkvergadering tussen de winkelmanager, de binnenhuisarchitect en Ergosolutions hielp bij het opzetten van de samenwerking!<\/p>\t\t\t\t\t\t\t\t<\/div>\n\t\t\t\t<\/div>\n\t\t\t\t\t<\/div>\n\t\t<\/div>\n\t\t\t\t\t<\/div>\n\t\t<\/section>\n\t\t\t\t<section class=\"elementor-section elementor-top-section elementor-element elementor-element-8e83982 elementor-section-boxed elementor-section-height-default elementor-section-height-default wpr-particle-no wpr-jarallax-no wpr-parallax-no wpr-sticky-section-no\" data-id=\"8e83982\" data-element_type=\"section\" data-e-type=\"section\">\n\t\t\t\t\t\t<div class=\"elementor-container elementor-column-gap-default\">\n\t\t\t\t\t<div class=\"elementor-column elementor-col-100 elementor-top-column elementor-element elementor-element-2247490\" data-id=\"2247490\" data-element_type=\"column\" data-e-type=\"column\">\n\t\t\t<div class=\"elementor-widget-wrap elementor-element-populated\">\n\t\t\t\t\t\t<div class=\"elementor-element elementor-element-f7380eb elementor-widget elementor-widget-heading\" data-id=\"f7380eb\" data-element_type=\"widget\" data-e-type=\"widget\" data-widget_type=\"heading.default\">\n\t\t\t\t<div class=\"elementor-widget-container\">\n\t\t\t\t\t<h2 class=\"elementor-heading-title elementor-size-default\">Hoe kunt u profiteren van de hoogteverstelling van de keukens van CUISINELLA?\n<\/h2>\t\t\t\t<\/div>\n\t\t\t\t<\/div>\n\t\t\t\t<div class=\"elementor-element elementor-element-6b1d757 elementor-widget elementor-widget-text-editor\" data-id=\"6b1d757\" data-element_type=\"widget\" data-e-type=\"widget\" data-widget_type=\"text-editor.default\">\n\t\t\t\t<div class=\"elementor-widget-container\">\n\t\t\t\t\t\t\t\t\t<p class=\"p1\">- Bezoek de website <a href=\"http:\/\/cuisinella.fr\" target=\"_blank\" rel=\"noopener\"><span class=\"s1\">cuisinella.fr<\/span><\/a> om het dichtstbijzijnde verkooppunt te vinden en het model of de modellen die je leuk vindt.<\/p><p class=\"p1\">- Neem contact met ons op, zodat we de winkel de informatie kunnen sturen die hij nodig heeft om je een volledige offerte te geven.<\/p>\t\t\t\t\t\t\t\t<\/div>\n\t\t\t\t<\/div>\n\t\t\t\t\t<\/div>\n\t\t<\/div>\n\t\t\t\t\t<\/div>\n\t\t<\/section>\n\t\t\t\t<\/div>","protected":false},"excerpt":{"rendered":"<p>CUISINELLA NOUVEAU&nbsp;: Ergosolutions adapte votre cuisine CUISINELLA en cuisine pour PMR Il est d\u00e9sormais possible d\u2019\u00e9quiper les cuisines de la marque CUISINELLA avec les syst\u00e8mes de r\u00e9glage en hauteur \u00e0 commande \u00e9lectrique d\u2019Ergosolutions. Avec plus de 270 magasins en France et en Belgique et une tr\u00e8s large gamme de cuisines, Cuisinella est la marque n\u00b01 des cuisines pour le grand public. Pour rendre ces cuisines utilisables par tous, et notamment par les personnes en situation de handicap, Ergosolutions s\u2019associe \u00e0 Cuisinella pour \u00e9quiper les plans de travail et le mobilier de syst\u00e8mes de r\u00e9glage en hauteur \u00e0 commande \u00e9lectrique. Notre 1re cliente \u00e0 b\u00e9n\u00e9ficier de ce partenariat&nbsp;: Madame Boyer (Anizy-le-Ch\u00e2teau). Madame Boyer a trouv\u00e9 la cuisine de ses r\u00eaves chez Cuisinella et a demand\u00e9 \u00e0 Ergosolutions s\u2019il \u00e9tait possible de l\u2019\u00e9quiper. Une r\u00e9union de travail entre le directeur du magasin, l\u2019architecte d\u2019int\u00e9rieur et Ergosolutions a permis de mettre en place ce partenariat&nbsp;! Comment profiter vous aussi des syst\u00e8mes de r\u00e9glage en hauteur sur les cuisines CUISINELLA&nbsp;? \u2022 Rendez-vous sur le site cuisinella.fr pour trouver le point de vente le plus proche de chez vous et rep\u00e9rez le ou les mod\u00e8les qui vous plaisent. \u2022 Contactez-nous afin que nous puissions adresser au magasin les informations n\u00e9cessaires pour qu\u2019il vous propose un devis complet.<\/p>","protected":false},"author":1,"featured_media":2155,"parent":0,"menu_order":0,"comment_status":"closed","ping_status":"closed","template":"elementor_header_footer","meta":{"footnotes":""},"class_list":["post-2148","page","type-page","status-publish","has-post-thumbnail","hentry"],"_links":{"self":[{"href":"https:\/\/ergosolutions.fr\/nl\/wp-json\/wp\/v2\/pages\/2148","targetHints":{"allow":["GET"]}}],"collection":[{"href":"https:\/\/ergosolutions.fr\/nl\/wp-json\/wp\/v2\/pages"}],"about":[{"href":"https:\/\/ergosolutions.fr\/nl\/wp-json\/wp\/v2\/types\/page"}],"author":[{"embeddable":true,"href":"https:\/\/ergosolutions.fr\/nl\/wp-json\/wp\/v2\/users\/1"}],"replies":[{"embeddable":true,"href":"https:\/\/ergosolutions.fr\/nl\/wp-json\/wp\/v2\/comments?post=2148"}],"version-history":[{"count":21,"href":"https:\/\/ergosolutions.fr\/nl\/wp-json\/wp\/v2\/pages\/2148\/revisions"}],"predecessor-version":[{"id":3841,"href":"https:\/\/ergosolutions.fr\/nl\/wp-json\/wp\/v2\/pages\/2148\/revisions\/3841"}],"wp:featuredmedia":[{"embeddable":true,"href":"https:\/\/ergosolutions.fr\/nl\/wp-json\/wp\/v2\/media\/2155"}],"wp:attachment":[{"href":"https:\/\/ergosolutions.fr\/nl\/wp-json\/wp\/v2\/media?parent=2148"}],"curies":[{"name":"wp","href":"https:\/\/api.w.org\/{rel}","templated":true}]}}