{"id":3272,"date":"2022-10-10T15:36:59","date_gmt":"2022-10-10T13:36:59","guid":{"rendered":"https:\/\/ergosolutions.fr\/?page_id=3272"},"modified":"2023-05-17T19:44:41","modified_gmt":"2023-05-17T17:44:41","slug":"rehacare-2022","status":"publish","type":"page","link":"https:\/\/ergosolutions.fr\/nl\/rehacare-2022\/","title":{"rendered":"Rehacare 2022 - Ergosolutions"},"content":{"rendered":"<div data-elementor-type=\"wp-page\" data-elementor-id=\"3272\" class=\"elementor elementor-3272\" data-elementor-post-type=\"page\">\n\t\t\t\t\t\t<section class=\"elementor-section elementor-top-section elementor-element elementor-element-e618cc6 elementor-section-full_width elementor-section-height-default elementor-section-height-default wpr-particle-no wpr-jarallax-no wpr-parallax-no wpr-sticky-section-no\" data-id=\"e618cc6\" data-element_type=\"section\" data-e-type=\"section\" data-settings=\"{&quot;shape_divider_bottom&quot;:&quot;mountains&quot;}\">\n\t\t\t\t\t<div class=\"elementor-shape elementor-shape-bottom\" aria-hidden=\"true\" data-negative=\"false\">\n\t\t\t<svg xmlns=\"http:\/\/www.w3.org\/2000\/svg\" viewbox=\"0 0 1000 100\" preserveaspectratio=\"none\">\n\t<path class=\"elementor-shape-fill\" opacity=\"0.33\" d=\"M473,67.3c-203.9,88.3-263.1-34-320.3,0C66,119.1,0,59.7,0,59.7V0h1000v59.7 c0,0-62.1,26.1-94.9,29.3c-32.8,3.3-62.8-12.3-75.8-22.1C806,49.6,745.3,8.7,694.9,4.7S492.4,59,473,67.3z\"\/>\n\t<path class=\"elementor-shape-fill\" opacity=\"0.66\" d=\"M734,67.3c-45.5,0-77.2-23.2-129.1-39.1c-28.6-8.7-150.3-10.1-254,39.1 s-91.7-34.4-149.2,0C115.7,118.3,0,39.8,0,39.8V0h1000v36.5c0,0-28.2-18.5-92.1-18.5C810.2,18.1,775.7,67.3,734,67.3z\"\/>\n\t<path class=\"elementor-shape-fill\" d=\"M766.1,28.9c-200-57.5-266,65.5-395.1,19.5C242,1.8,242,5.4,184.8,20.6C128,35.8,132.3,44.9,89.9,52.5C28.6,63.7,0,0,0,0 h1000c0,0-9.9,40.9-83.6,48.1S829.6,47,766.1,28.9z\"\/>\n<\/svg>\t\t<\/div>\n\t\t\t\t\t<div class=\"elementor-container elementor-column-gap-default\">\n\t\t\t\t\t<div class=\"elementor-column elementor-col-50 elementor-top-column elementor-element elementor-element-8bad762\" data-id=\"8bad762\" data-element_type=\"column\" data-e-type=\"column\" data-settings=\"{&quot;background_background&quot;:&quot;classic&quot;}\">\n\t\t\t<div class=\"elementor-widget-wrap elementor-element-populated\">\n\t\t\t\t\t\t<div class=\"elementor-element elementor-element-6ae30e0 elementor-widget elementor-widget-heading\" data-id=\"6ae30e0\" data-element_type=\"widget\" data-e-type=\"widget\" data-widget_type=\"heading.default\">\n\t\t\t\t<div class=\"elementor-widget-container\">\n\t\t\t\t\t<h1 class=\"elementor-heading-title elementor-size-default\">Rehacare 2022<\/h1>\t\t\t\t<\/div>\n\t\t\t\t<\/div>\n\t\t\t\t<div class=\"elementor-element elementor-element-e5ec234 elementor-widget elementor-widget-text-editor\" data-id=\"e5ec234\" data-element_type=\"widget\" data-e-type=\"widget\" data-widget_type=\"text-editor.default\">\n\t\t\t\t<div class=\"elementor-widget-container\">\n\t\t\t\t\t\t\t\t\t<div><div><div><div><div><p>Een terugblik op dit evenement, dat plaatsvond van 14 tot 17 september 2022 en zich richtte op de nieuwste hulpmiddelen en oplossingen voor het dagelijks leven, voor elke beperking en elk gebied van het leven.<\/p><p>Ergosolutions zet vandaag 3 nieuwe producten in de schijnwerpers die op de beurs zijn ontdekt.<\/p><\/div><\/div><\/div><\/div><\/div>\t\t\t\t\t\t\t\t<\/div>\n\t\t\t\t<\/div>\n\t\t\t\t\t<\/div>\n\t\t<\/div>\n\t\t\t\t<div class=\"elementor-column elementor-col-50 elementor-top-column elementor-element elementor-element-90e38bb\" data-id=\"90e38bb\" data-element_type=\"column\" data-e-type=\"column\" data-settings=\"{&quot;background_background&quot;:&quot;classic&quot;}\">\n\t\t\t<div class=\"elementor-widget-wrap\">\n\t\t\t\t\t\t\t<\/div>\n\t\t<\/div>\n\t\t\t\t\t<\/div>\n\t\t<\/section>\n\t\t\t\t<section class=\"elementor-section elementor-top-section elementor-element elementor-element-251aa1e elementor-section-boxed elementor-section-height-default elementor-section-height-default wpr-particle-no wpr-jarallax-no wpr-parallax-no wpr-sticky-section-no\" data-id=\"251aa1e\" data-element_type=\"section\" data-e-type=\"section\">\n\t\t\t\t\t\t<div class=\"elementor-container elementor-column-gap-default\">\n\t\t\t\t\t<div class=\"elementor-column elementor-col-100 elementor-top-column elementor-element elementor-element-a81e428\" data-id=\"a81e428\" data-element_type=\"column\" data-e-type=\"column\">\n\t\t\t<div class=\"elementor-widget-wrap elementor-element-populated\">\n\t\t\t\t\t\t<div class=\"elementor-element elementor-element-554f3e8 elementor-widget elementor-widget-heading\" data-id=\"554f3e8\" data-element_type=\"widget\" data-e-type=\"widget\" data-widget_type=\"heading.default\">\n\t\t\t\t<div class=\"elementor-widget-container\">\n\t\t\t\t\t<h2 class=\"elementor-heading-title elementor-size-default\">De Rehacare Show:<\/h2>\t\t\t\t<\/div>\n\t\t\t\t<\/div>\n\t\t\t\t<div class=\"elementor-element elementor-element-7570e5b elementor-widget elementor-widget-text-editor\" data-id=\"7570e5b\" data-element_type=\"widget\" data-e-type=\"widget\" data-widget_type=\"text-editor.default\">\n\t\t\t\t<div class=\"elementor-widget-container\">\n\t\t\t\t\t\t\t\t\t<p>REHACARE is 's werelds toonaangevende handelsbeurs voor revalidatie, zorg, preventie en integratie.<\/p><p>Mobiliteitshulpmiddelen, communicatiemiddelen, professionele aspecten, dagelijks leven, reizen, zorg, <a href=\"https:\/\/ergosolutions.fr\/nl\/\">REHACARE presenteert alle<\/a> essenti\u00eble aspecten van het leven van <span style=\"color: #808080;\"><a style=\"color: #808080;\" href=\"https:\/\/m.interglot.com\/fr\/en\/personnes\" target=\"_blank\" rel=\"noopener\">mensen<\/a><\/span> die hulp nodig hebben.<\/p>\t\t\t\t\t\t\t\t<\/div>\n\t\t\t\t<\/div>\n\t\t\t\t<div class=\"elementor-element elementor-element-ebf4ede elementor-widget elementor-widget-heading\" data-id=\"ebf4ede\" data-element_type=\"widget\" data-e-type=\"widget\" data-widget_type=\"heading.default\">\n\t\t\t\t<div class=\"elementor-widget-container\">\n\t\t\t\t\t<h2 class=\"elementor-heading-title elementor-size-default\">Nieuwe producten ontdekt op de show:<\/h2>\t\t\t\t<\/div>\n\t\t\t\t<\/div>\n\t\t\t\t\t<\/div>\n\t\t<\/div>\n\t\t\t\t\t<\/div>\n\t\t<\/section>\n\t\t\t\t<section class=\"elementor-section elementor-top-section elementor-element elementor-element-45e073e elementor-section-boxed elementor-section-height-default elementor-section-height-default wpr-particle-no wpr-jarallax-no wpr-parallax-no wpr-sticky-section-no\" data-id=\"45e073e\" data-element_type=\"section\" data-e-type=\"section\">\n\t\t\t\t\t\t<div class=\"elementor-container elementor-column-gap-default\">\n\t\t\t\t\t<div class=\"elementor-column elementor-col-33 elementor-top-column elementor-element elementor-element-4d9f81d\" data-id=\"4d9f81d\" data-element_type=\"column\" data-e-type=\"column\">\n\t\t\t<div class=\"elementor-widget-wrap elementor-element-populated\">\n\t\t\t\t\t\t<div class=\"elementor-element elementor-element-87a189e elementor-widget elementor-widget-image\" data-id=\"87a189e\" data-element_type=\"widget\" data-e-type=\"widget\" data-widget_type=\"image.default\">\n\t\t\t\t<div class=\"elementor-widget-container\">\n\t\t\t\t\t\t\t\t\t\t\t\t\t\t\t<img fetchpriority=\"high\" decoding=\"async\" width=\"528\" height=\"500\" src=\"https:\/\/ergosolutions.fr\/wp-content\/uploads\/2022\/10\/Sans-titre-16.png\" class=\"attachment-full size-full wp-image-3293\" alt=\"Rehacare,\" srcset=\"https:\/\/ergosolutions.fr\/wp-content\/uploads\/2022\/10\/Sans-titre-16.png 528w, https:\/\/ergosolutions.fr\/wp-content\/uploads\/2022\/10\/Sans-titre-16-300x284.png 300w\" sizes=\"(max-width: 528px) 100vw, 528px\" \/>\t\t\t\t\t\t\t\t\t\t\t\t\t\t\t<\/div>\n\t\t\t\t<\/div>\n\t\t\t\t<div class=\"elementor-element elementor-element-b5df4df elementor-widget elementor-widget-heading\" data-id=\"b5df4df\" data-element_type=\"widget\" data-e-type=\"widget\" data-widget_type=\"heading.default\">\n\t\t\t\t<div class=\"elementor-widget-container\">\n\t\t\t\t\t<h2 class=\"elementor-heading-title elementor-size-default\">De Jo\u00eblette Kid<\/h2>\t\t\t\t<\/div>\n\t\t\t\t<\/div>\n\t\t\t\t<div class=\"elementor-element elementor-element-c923a37 elementor-widget elementor-widget-text-editor\" data-id=\"c923a37\" data-element_type=\"widget\" data-e-type=\"widget\" data-widget_type=\"text-editor.default\">\n\t\t\t\t<div class=\"elementor-widget-container\">\n\t\t\t\t\t\t\t\t\t<p>Deze all-terrain rolstoel met enkele rupsbanden is ontworpen voor gehandicapte kinderen, zodat je samen met je familie of vrienden op avontuur kunt gaan.<\/p>\t\t\t\t\t\t\t\t<\/div>\n\t\t\t\t<\/div>\n\t\t\t\t<div class=\"elementor-element elementor-element-0de75da elementor-align-center elementor-mobile-align-center elementor-widget elementor-widget-button\" data-id=\"0de75da\" data-element_type=\"widget\" data-e-type=\"widget\" data-widget_type=\"button.default\">\n\t\t\t\t<div class=\"elementor-widget-container\">\n\t\t\t\t\t\t\t\t\t<div class=\"elementor-button-wrapper\">\n\t\t\t\t\t<a class=\"elementor-button elementor-button-link elementor-size-xs\" href=\"#elementor-action%3Aaction%3Dpopup%3Aopen%26settings%3DeyJpZCI6IjMyOTgiLCJ0b2dnbGUiOmZhbHNlfQ%3D%3D\">\n\t\t\t\t\t\t<span class=\"elementor-button-content-wrapper\">\n\t\t\t\t\t\t\t\t\t<span class=\"elementor-button-text\">Ontdek dit product<\/span>\n\t\t\t\t\t<\/span>\n\t\t\t\t\t<\/a>\n\t\t\t\t<\/div>\n\t\t\t\t\t\t\t\t<\/div>\n\t\t\t\t<\/div>\n\t\t\t\t\t<\/div>\n\t\t<\/div>\n\t\t\t\t<div class=\"elementor-column elementor-col-33 elementor-top-column elementor-element elementor-element-23cc103\" data-id=\"23cc103\" data-element_type=\"column\" data-e-type=\"column\">\n\t\t\t<div class=\"elementor-widget-wrap elementor-element-populated\">\n\t\t\t\t\t\t<div class=\"elementor-element elementor-element-6ab5cfb elementor-widget elementor-widget-image\" data-id=\"6ab5cfb\" data-element_type=\"widget\" data-e-type=\"widget\" data-widget_type=\"image.default\">\n\t\t\t\t<div class=\"elementor-widget-container\">\n\t\t\t\t\t\t\t\t\t\t\t\t\t\t\t<img decoding=\"async\" width=\"528\" height=\"500\" src=\"https:\/\/ergosolutions.fr\/wp-content\/uploads\/2022\/10\/Sans-titre-15.png\" class=\"attachment-full size-full wp-image-3291\" alt=\"\" srcset=\"https:\/\/ergosolutions.fr\/wp-content\/uploads\/2022\/10\/Sans-titre-15.png 528w, https:\/\/ergosolutions.fr\/wp-content\/uploads\/2022\/10\/Sans-titre-15-300x284.png 300w\" sizes=\"(max-width: 528px) 100vw, 528px\" \/>\t\t\t\t\t\t\t\t\t\t\t\t\t\t\t<\/div>\n\t\t\t\t<\/div>\n\t\t\t\t<div class=\"elementor-element elementor-element-7c7ec46 elementor-widget elementor-widget-heading\" data-id=\"7c7ec46\" data-element_type=\"widget\" data-e-type=\"widget\" data-widget_type=\"heading.default\">\n\t\t\t\t<div class=\"elementor-widget-container\">\n\t\t\t\t\t<h2 class=\"elementor-heading-title elementor-size-default\">De Kangoo kinderwagen<\/h2>\t\t\t\t<\/div>\n\t\t\t\t<\/div>\n\t\t\t\t<div class=\"elementor-element elementor-element-bd14df5 elementor-widget elementor-widget-text-editor\" data-id=\"bd14df5\" data-element_type=\"widget\" data-e-type=\"widget\" data-widget_type=\"text-editor.default\">\n\t\t\t\t<div class=\"elementor-widget-container\">\n\t\t\t\t\t\t\t\t\t<p>Deze all-terrain rolstoel met enkele rupsbanden is ontworpen voor gehandicapte kinderen, zodat je samen met je familie of vrienden op avontuur kunt gaan.<\/p>\t\t\t\t\t\t\t\t<\/div>\n\t\t\t\t<\/div>\n\t\t\t\t<div class=\"elementor-element elementor-element-d509e71 elementor-align-center elementor-mobile-align-center elementor-widget elementor-widget-button\" data-id=\"d509e71\" data-element_type=\"widget\" data-e-type=\"widget\" data-widget_type=\"button.default\">\n\t\t\t\t<div class=\"elementor-widget-container\">\n\t\t\t\t\t\t\t\t\t<div class=\"elementor-button-wrapper\">\n\t\t\t\t\t<a class=\"elementor-button elementor-button-link elementor-size-xs\" href=\"#elementor-action%3Aaction%3Dpopup%3Aopen%26settings%3DeyJpZCI6IjMzMTkiLCJ0b2dnbGUiOmZhbHNlfQ%3D%3D\">\n\t\t\t\t\t\t<span class=\"elementor-button-content-wrapper\">\n\t\t\t\t\t\t\t\t\t<span class=\"elementor-button-text\">Ontdek dit product<\/span>\n\t\t\t\t\t<\/span>\n\t\t\t\t\t<\/a>\n\t\t\t\t<\/div>\n\t\t\t\t\t\t\t\t<\/div>\n\t\t\t\t<\/div>\n\t\t\t\t\t<\/div>\n\t\t<\/div>\n\t\t\t\t<div class=\"elementor-column elementor-col-33 elementor-top-column elementor-element elementor-element-1620b46\" data-id=\"1620b46\" data-element_type=\"column\" data-e-type=\"column\">\n\t\t\t<div class=\"elementor-widget-wrap elementor-element-populated\">\n\t\t\t\t\t\t<div class=\"elementor-element elementor-element-341e6b0 elementor-widget elementor-widget-image\" data-id=\"341e6b0\" data-element_type=\"widget\" data-e-type=\"widget\" data-widget_type=\"image.default\">\n\t\t\t\t<div class=\"elementor-widget-container\">\n\t\t\t\t\t\t\t\t\t\t\t\t\t\t\t<img decoding=\"async\" src=\"https:\/\/ergosolutions.fr\/wp-content\/uploads\/elementor\/thumbs\/ori-back_maroon_530px-pw0dbpg1jy9ekcqvw2sdznvx0sb9xarfmlsjanjkzk.png\" title=\"ori-rug_maraan_530px\" alt=\"ori-back_maroon_530px\" loading=\"lazy\" \/>\t\t\t\t\t\t\t\t\t\t\t\t\t\t\t<\/div>\n\t\t\t\t<\/div>\n\t\t\t\t<div class=\"elementor-element elementor-element-837df94 elementor-widget elementor-widget-heading\" data-id=\"837df94\" data-element_type=\"widget\" data-e-type=\"widget\" data-widget_type=\"heading.default\">\n\t\t\t\t<div class=\"elementor-widget-container\">\n\t\t\t\t\t<h2 class=\"elementor-heading-title elementor-size-default\">De Ori-Back stoel<\/h2>\t\t\t\t<\/div>\n\t\t\t\t<\/div>\n\t\t\t\t<div class=\"elementor-element elementor-element-f0c3828 elementor-widget elementor-widget-text-editor\" data-id=\"f0c3828\" data-element_type=\"widget\" data-e-type=\"widget\" data-widget_type=\"text-editor.default\">\n\t\t\t\t<div class=\"elementor-widget-container\">\n\t\t\t\t\t\t\t\t\t<p>Deze all-terrain rolstoel met enkele rupsbanden is ontworpen voor gehandicapte kinderen, zodat je samen met je familie of vrienden op avontuur kunt gaan.<\/p>\t\t\t\t\t\t\t\t<\/div>\n\t\t\t\t<\/div>\n\t\t\t\t<div class=\"elementor-element elementor-element-bdd0e5f elementor-align-center elementor-mobile-align-center elementor-widget elementor-widget-button\" data-id=\"bdd0e5f\" data-element_type=\"widget\" data-e-type=\"widget\" data-widget_type=\"button.default\">\n\t\t\t\t<div class=\"elementor-widget-container\">\n\t\t\t\t\t\t\t\t\t<div class=\"elementor-button-wrapper\">\n\t\t\t\t\t<a class=\"elementor-button elementor-button-link elementor-size-xs\" href=\"#elementor-action%3Aaction%3Dpopup%3Aopen%26settings%3DeyJpZCI6IjMzMjIiLCJ0b2dnbGUiOmZhbHNlfQ%3D%3D\">\n\t\t\t\t\t\t<span class=\"elementor-button-content-wrapper\">\n\t\t\t\t\t\t\t\t\t<span class=\"elementor-button-text\">Ontdek dit product<\/span>\n\t\t\t\t\t<\/span>\n\t\t\t\t\t<\/a>\n\t\t\t\t<\/div>\n\t\t\t\t\t\t\t\t<\/div>\n\t\t\t\t<\/div>\n\t\t\t\t\t<\/div>\n\t\t<\/div>\n\t\t\t\t\t<\/div>\n\t\t<\/section>\n\t\t\t\t<\/div>","protected":false},"excerpt":{"rendered":"<p>Rehacare 2022 Een terugblik op dit evenement, dat plaatsvond van 14 tot 17 september 2022 en zich richtte op de nieuwste hulpmiddelen en oplossingen voor het dagelijks leven, voor elke beperking en elk gebied van het leven. Ergosolutions belicht 3 nieuwe producten die op de beurs zijn ontdekt. De Rehacare Beurs: REHACARE is de wereldwijde beurs gewijd aan revalidatie, zorg, preventie en integratie. Mobiliteitshulpmiddelen, communicatiemiddelen, professionele aspecten, dagelijks leven, reizen, zorg, REHACARE presenteert alle essenti\u00eble aspecten van het leven voor mensen die hulp nodig hebben. Nieuwe producten ontdekt op de beurs: De Jo\u00eblette Kid Deze all-terrain rolstoel met \u00e9\u00e9n spoor, ontworpen voor gehandicapte kinderen, stelt je in staat om op avontuur te gaan met je familie of vrienden. Ontdek dit product De Kangoo kinderwagen Met deze terreinauto met enkele rails, ontworpen voor gehandicapte kinderen, kun je samen met je gezin of vrienden op avontuur gaan. Ontdek dit product De Ori-Back stoel Deze all-terrain rolstoel met enkele rails is ontworpen voor kinderen met een handicap, zodat je samen met je familie of vrienden op avontuur kunt gaan. Ontdek dit product<\/p>","protected":false},"author":1,"featured_media":0,"parent":0,"menu_order":0,"comment_status":"closed","ping_status":"closed","template":"elementor_header_footer","meta":{"footnotes":""},"class_list":["post-3272","page","type-page","status-publish","hentry"],"_links":{"self":[{"href":"https:\/\/ergosolutions.fr\/nl\/wp-json\/wp\/v2\/pages\/3272","targetHints":{"allow":["GET"]}}],"collection":[{"href":"https:\/\/ergosolutions.fr\/nl\/wp-json\/wp\/v2\/pages"}],"about":[{"href":"https:\/\/ergosolutions.fr\/nl\/wp-json\/wp\/v2\/types\/page"}],"author":[{"embeddable":true,"href":"https:\/\/ergosolutions.fr\/nl\/wp-json\/wp\/v2\/users\/1"}],"replies":[{"embeddable":true,"href":"https:\/\/ergosolutions.fr\/nl\/wp-json\/wp\/v2\/comments?post=3272"}],"version-history":[{"count":24,"href":"https:\/\/ergosolutions.fr\/nl\/wp-json\/wp\/v2\/pages\/3272\/revisions"}],"predecessor-version":[{"id":3735,"href":"https:\/\/ergosolutions.fr\/nl\/wp-json\/wp\/v2\/pages\/3272\/revisions\/3735"}],"wp:attachment":[{"href":"https:\/\/ergosolutions.fr\/nl\/wp-json\/wp\/v2\/media?parent=3272"}],"curies":[{"name":"wp","href":"https:\/\/api.w.org\/{rel}","templated":true}]}}