{"id":49,"date":"2022-03-02T13:50:29","date_gmt":"2022-03-02T12:50:29","guid":{"rendered":"https:\/\/ergosolutions.fr\/?page_id=49"},"modified":"2023-10-21T08:40:57","modified_gmt":"2023-10-21T06:40:57","slug":"blog","status":"publish","type":"page","link":"https:\/\/ergosolutions.fr\/nl\/blog\/","title":{"rendered":"Blog &#8211; Meubles th\u00e9rapeutiques &#8211; Ergosolutions"},"content":{"rendered":"<div data-elementor-type=\"wp-page\" data-elementor-id=\"49\" class=\"elementor elementor-49\" data-elementor-post-type=\"page\">\n\t\t\t\t\t\t<section class=\"elementor-section elementor-top-section elementor-element elementor-element-7c8edf5 elementor-section-full_width elementor-section-height-default elementor-section-height-default wpr-particle-no wpr-jarallax-no wpr-parallax-no wpr-sticky-section-no\" data-id=\"7c8edf5\" data-element_type=\"section\" data-e-type=\"section\" data-settings=\"{&quot;shape_divider_bottom&quot;:&quot;mountains&quot;}\">\n\t\t\t\t\t<div class=\"elementor-shape elementor-shape-bottom\" aria-hidden=\"true\" data-negative=\"false\">\n\t\t\t<svg xmlns=\"http:\/\/www.w3.org\/2000\/svg\" viewbox=\"0 0 1000 100\" preserveaspectratio=\"none\">\n\t<path class=\"elementor-shape-fill\" opacity=\"0.33\" d=\"M473,67.3c-203.9,88.3-263.1-34-320.3,0C66,119.1,0,59.7,0,59.7V0h1000v59.7 c0,0-62.1,26.1-94.9,29.3c-32.8,3.3-62.8-12.3-75.8-22.1C806,49.6,745.3,8.7,694.9,4.7S492.4,59,473,67.3z\"\/>\n\t<path class=\"elementor-shape-fill\" opacity=\"0.66\" d=\"M734,67.3c-45.5,0-77.2-23.2-129.1-39.1c-28.6-8.7-150.3-10.1-254,39.1 s-91.7-34.4-149.2,0C115.7,118.3,0,39.8,0,39.8V0h1000v36.5c0,0-28.2-18.5-92.1-18.5C810.2,18.1,775.7,67.3,734,67.3z\"\/>\n\t<path class=\"elementor-shape-fill\" d=\"M766.1,28.9c-200-57.5-266,65.5-395.1,19.5C242,1.8,242,5.4,184.8,20.6C128,35.8,132.3,44.9,89.9,52.5C28.6,63.7,0,0,0,0 h1000c0,0-9.9,40.9-83.6,48.1S829.6,47,766.1,28.9z\"\/>\n<\/svg>\t\t<\/div>\n\t\t\t\t\t<div class=\"elementor-container elementor-column-gap-default\">\n\t\t\t\t\t<div class=\"elementor-column elementor-col-50 elementor-top-column elementor-element elementor-element-d55ab64\" data-id=\"d55ab64\" data-element_type=\"column\" data-e-type=\"column\" data-settings=\"{&quot;background_background&quot;:&quot;classic&quot;}\">\n\t\t\t<div class=\"elementor-widget-wrap elementor-element-populated\">\n\t\t\t\t\t\t<div class=\"elementor-element elementor-element-90b36a7 elementor-widget elementor-widget-heading\" data-id=\"90b36a7\" data-element_type=\"widget\" data-e-type=\"widget\" data-widget_type=\"heading.default\">\n\t\t\t\t<div class=\"elementor-widget-container\">\n\t\t\t\t\t<h1 class=\"elementor-heading-title elementor-size-default\">Ontdek de blog van Ergosolutions.<\/h1>\t\t\t\t<\/div>\n\t\t\t\t<\/div>\n\t\t\t\t<div class=\"elementor-element elementor-element-423e220 elementor-widget elementor-widget-text-editor\" data-id=\"423e220\" data-element_type=\"widget\" data-e-type=\"widget\" data-widget_type=\"text-editor.default\">\n\t\t\t\t<div class=\"elementor-widget-container\">\n\t\t\t\t\t\t\t\t\t<p><b>Ontdek onze artikelen om meer te weten te komen over onze producten of om je te helpen bij het kiezen van het ideale product voor de ziekte van je kind.<\/b><\/p>\t\t\t\t\t\t\t\t<\/div>\n\t\t\t\t<\/div>\n\t\t\t\t<div class=\"elementor-element elementor-element-a7e224e elementor-widget elementor-widget-text-editor\" data-id=\"a7e224e\" data-element_type=\"widget\" data-e-type=\"widget\" data-widget_type=\"text-editor.default\">\n\t\t\t\t<div class=\"elementor-widget-container\">\n\t\t\t\t\t\t\t\t\t<p>Wil je contact met ons opnemen voor hulp?\u00a0<\/p>\t\t\t\t\t\t\t\t<\/div>\n\t\t\t\t<\/div>\n\t\t\t\t<div class=\"elementor-element elementor-element-787c213 elementor-align-center elementor-widget elementor-widget-button\" data-id=\"787c213\" data-element_type=\"widget\" data-e-type=\"widget\" data-widget_type=\"button.default\">\n\t\t\t\t<div class=\"elementor-widget-container\">\n\t\t\t\t\t\t\t\t\t<div class=\"elementor-button-wrapper\">\n\t\t\t\t\t<a class=\"elementor-button elementor-button-link elementor-size-sm\" href=\"https:\/\/ergosolutions.fr\/nl\/lit-enfant-medicalise\/lit-adapte-autisme\/\">\n\t\t\t\t\t\t<span class=\"elementor-button-content-wrapper\">\n\t\t\t\t\t\t\t\t\t<span class=\"elementor-button-text\">KLIK HIER<\/span>\n\t\t\t\t\t<\/span>\n\t\t\t\t\t<\/a>\n\t\t\t\t<\/div>\n\t\t\t\t\t\t\t\t<\/div>\n\t\t\t\t<\/div>\n\t\t\t\t\t<\/div>\n\t\t<\/div>\n\t\t\t\t<div class=\"elementor-column elementor-col-50 elementor-top-column elementor-element elementor-element-b6ccfed\" data-id=\"b6ccfed\" data-element_type=\"column\" data-e-type=\"column\" data-settings=\"{&quot;background_background&quot;:&quot;classic&quot;}\">\n\t\t\t<div class=\"elementor-widget-wrap\">\n\t\t\t\t\t\t\t<\/div>\n\t\t<\/div>\n\t\t\t\t\t<\/div>\n\t\t<\/section>\n\t\t\t\t<section class=\"elementor-section elementor-top-section elementor-element elementor-element-434f0bf elementor-section-boxed elementor-section-height-default elementor-section-height-default wpr-particle-no wpr-jarallax-no wpr-parallax-no wpr-sticky-section-no\" data-id=\"434f0bf\" data-element_type=\"section\" data-e-type=\"section\">\n\t\t\t\t\t\t<div class=\"elementor-container elementor-column-gap-default\">\n\t\t\t\t\t<div class=\"elementor-column elementor-col-100 elementor-top-column elementor-element elementor-element-406b139\" data-id=\"406b139\" data-element_type=\"column\" data-e-type=\"column\">\n\t\t\t<div class=\"elementor-widget-wrap elementor-element-populated\">\n\t\t\t\t\t\t<div class=\"elementor-element elementor-element-f19065e elementor-widget elementor-widget-heading\" data-id=\"f19065e\" data-element_type=\"widget\" data-e-type=\"widget\" data-widget_type=\"heading.default\">\n\t\t\t\t<div class=\"elementor-widget-container\">\n\t\t\t\t\t<h2 class=\"elementor-heading-title elementor-size-default\">Welkom op de blog van Ergosolutions!<\/h2>\t\t\t\t<\/div>\n\t\t\t\t<\/div>\n\t\t\t\t<div class=\"elementor-element elementor-element-51a091c elementor-widget elementor-widget-text-editor\" data-id=\"51a091c\" data-element_type=\"widget\" data-e-type=\"widget\" data-widget_type=\"text-editor.default\">\n\t\t\t\t<div class=\"elementor-widget-container\">\n\t\t\t\t\t\t\t\t\t<p>Lees verder voor meer informatie over onze producten en advies over het kiezen van meubilair voor PBM's.<\/p><p>Maak je keuze op basis van :<\/p><p>- je behoeften (thuiszorg, apparatuur voor gehandicapte kinderen, keuken- of badkamerinrichting, enz,)<br \/>- het type ziekte, beperking of stoornis: autisme, ASS, musculaire hypotonie, meervoudige beperkingen, psychomotorische retardatie, Rett syndroom, Angelman syndroom, de ziekte van Huntington of Huntington chorea, epilepsie, gewelddadige aanvallen, zelfverminking, enz.<br \/>- of het type meubel dat je zoekt: zorgbed, kinderbed, enz. <span style=\"color: #808080;\"><a style=\"color: #808080;\" href=\"https:\/\/en.wiktionary.org\/wiki\/handicap\u00e9\" target=\"_blank\" rel=\"noopener\">uitgeschakeld<\/a><\/span>Een bed voor autistische kinderen, aanpasbare keuken, ingerichte badkamer...<\/p><p>En voor advies op maat staan we tot uw beschikking: neem contact met ons op<\/p>\t\t\t\t\t\t\t\t<\/div>\n\t\t\t\t<\/div>\n\t\t\t\t\t<\/div>\n\t\t<\/div>\n\t\t\t\t\t<\/div>\n\t\t<\/section>\n\t\t\t\t<section class=\"elementor-section elementor-top-section elementor-element elementor-element-0930c18 elementor-section-boxed elementor-section-height-default elementor-section-height-default wpr-particle-no wpr-jarallax-no wpr-parallax-no wpr-sticky-section-no\" data-id=\"0930c18\" data-element_type=\"section\" data-e-type=\"section\">\n\t\t\t\t\t\t<div class=\"elementor-container elementor-column-gap-default\">\n\t\t\t\t\t<div class=\"elementor-column elementor-col-100 elementor-top-column elementor-element elementor-element-2c5a3d2\" data-id=\"2c5a3d2\" data-element_type=\"column\" data-e-type=\"column\">\n\t\t\t<div class=\"elementor-widget-wrap elementor-element-populated\">\n\t\t\t\t\t\t<div class=\"elementor-element elementor-element-a1294ad elementor-grid-3 elementor-grid-tablet-2 elementor-grid-mobile-1 elementor-posts--thumbnail-top elementor-widget elementor-widget-posts\" data-id=\"a1294ad\" data-element_type=\"widget\" data-e-type=\"widget\" data-settings=\"{&quot;classic_columns&quot;:&quot;3&quot;,&quot;classic_columns_tablet&quot;:&quot;2&quot;,&quot;classic_columns_mobile&quot;:&quot;1&quot;,&quot;classic_row_gap&quot;:{&quot;unit&quot;:&quot;px&quot;,&quot;size&quot;:35,&quot;sizes&quot;:[]},&quot;classic_row_gap_tablet&quot;:{&quot;unit&quot;:&quot;px&quot;,&quot;size&quot;:&quot;&quot;,&quot;sizes&quot;:[]},&quot;classic_row_gap_mobile&quot;:{&quot;unit&quot;:&quot;px&quot;,&quot;size&quot;:&quot;&quot;,&quot;sizes&quot;:[]}}\" data-widget_type=\"posts.classic\">\n\t\t\t\t<div class=\"elementor-widget-container\">\n\t\t\t\t\t\t\t<div class=\"elementor-posts-container elementor-posts elementor-posts--skin-classic elementor-grid\" role=\"list\">\n\t\t\t\t<article class=\"elementor-post elementor-grid-item post-4612 post type-post status-publish format-standard has-post-thumbnail hentry category-non-classifiee\" role=\"listitem\">\n\t\t\t\t<a class=\"elementor-post__thumbnail__link\" href=\"https:\/\/ergosolutions.fr\/nl\/notre-interview-sur-bfm-vision-dentreprise-decouvrez-nos-solutions-sur-mesure\/\" tabindex=\"-1\">\n\t\t\t<div class=\"elementor-post__thumbnail\"><img fetchpriority=\"high\" decoding=\"async\" width=\"300\" height=\"225\" src=\"https:\/\/ergosolutions.fr\/wp-content\/uploads\/2025\/09\/IMG_5008-300x225.jpg\" class=\"attachment-medium size-medium wp-image-4607\" alt=\"\" srcset=\"https:\/\/ergosolutions.fr\/wp-content\/uploads\/2025\/09\/IMG_5008-300x225.jpg 300w, https:\/\/ergosolutions.fr\/wp-content\/uploads\/2025\/09\/IMG_5008.jpg 640w\" sizes=\"(max-width: 300px) 100vw, 300px\" \/><\/div>\n\t\t<\/a>\n\t\t\t\t<div class=\"elementor-post__text\">\n\t\t\t\t<h2 class=\"elementor-post__title\">\n\t\t\t<a href=\"https:\/\/ergosolutions.fr\/nl\/notre-interview-sur-bfm-vision-dentreprise-decouvrez-nos-solutions-sur-mesure\/\">\n\t\t\t\tOns interview op BFM - Vision d'Entreprise: Ontdek onze oplossingen op maat.\t\t\t<\/a>\n\t\t<\/h2>\n\t\t\n\t\t<a class=\"elementor-post__read-more\" href=\"https:\/\/ergosolutions.fr\/nl\/notre-interview-sur-bfm-vision-dentreprise-decouvrez-nos-solutions-sur-mesure\/\" aria-label=\"Read more about Notre interview sur BFM \u2013 Vision d\u2019Entreprise : D\u00e9couvrez nos solutions sur mesure.\" tabindex=\"-1\">\n\t\t\tLees meer \"\t\t<\/a>\n\n\t\t\t\t<\/div>\n\t\t\t\t<\/article>\n\t\t\t\t<article class=\"elementor-post elementor-grid-item post-4188 post type-post status-publish format-standard has-post-thumbnail hentry category-non-classifiee\" role=\"listitem\">\n\t\t\t\t<a class=\"elementor-post__thumbnail__link\" href=\"https:\/\/ergosolutions.fr\/nl\/pourquoi-choisir-un-lit-cabane\/\" tabindex=\"-1\">\n\t\t\t<div class=\"elementor-post__thumbnail\"><img decoding=\"async\" width=\"300\" height=\"202\" src=\"https:\/\/ergosolutions.fr\/wp-content\/uploads\/2023\/10\/lit-tipi-2023-1-300x202.jpg\" class=\"attachment-medium size-medium wp-image-4149\" alt=\"Lit enfant autiste TSA\" srcset=\"https:\/\/ergosolutions.fr\/wp-content\/uploads\/2023\/10\/lit-tipi-2023-1-300x202.jpg 300w, https:\/\/ergosolutions.fr\/wp-content\/uploads\/2023\/10\/lit-tipi-2023-1-768x516.jpg 768w, https:\/\/ergosolutions.fr\/wp-content\/uploads\/2023\/10\/lit-tipi-2023-1.jpg 926w\" sizes=\"(max-width: 300px) 100vw, 300px\" \/><\/div>\n\t\t<\/a>\n\t\t\t\t<div class=\"elementor-post__text\">\n\t\t\t\t<h2 class=\"elementor-post__title\">\n\t\t\t<a href=\"https:\/\/ergosolutions.fr\/nl\/pourquoi-choisir-un-lit-cabane\/\">\n\t\t\t\tWaarom kiezen voor een Cabane bed voor je autistische kind?\t\t\t<\/a>\n\t\t<\/h2>\n\t\t\n\t\t<a class=\"elementor-post__read-more\" href=\"https:\/\/ergosolutions.fr\/nl\/pourquoi-choisir-un-lit-cabane\/\" aria-label=\"Read more about Pourquoi choisir un lit Cabane pour son enfant autiste ?\" tabindex=\"-1\">\n\t\t\tLees meer \"\t\t<\/a>\n\n\t\t\t\t<\/div>\n\t\t\t\t<\/article>\n\t\t\t\t<article class=\"elementor-post elementor-grid-item post-3928 post type-post status-publish format-standard has-post-thumbnail hentry category-non-classifiee\" role=\"listitem\">\n\t\t\t\t<a class=\"elementor-post__thumbnail__link\" href=\"https:\/\/ergosolutions.fr\/nl\/la-cuisine-therapeutique-bienfaits\/\" tabindex=\"-1\">\n\t\t\t<div class=\"elementor-post__thumbnail\"><img decoding=\"async\" width=\"300\" height=\"200\" src=\"https:\/\/ergosolutions.fr\/wp-content\/uploads\/2023\/10\/gros-plan-dame-senior-couper-legumes-planche-300x200.jpg\" class=\"attachment-medium size-medium wp-image-3934\" alt=\"Concept de la cuisine th\u00e9rapeutique\" srcset=\"https:\/\/ergosolutions.fr\/wp-content\/uploads\/2023\/10\/gros-plan-dame-senior-couper-legumes-planche-300x200.jpg 300w, https:\/\/ergosolutions.fr\/wp-content\/uploads\/2023\/10\/gros-plan-dame-senior-couper-legumes-planche-1024x683.jpg 1024w, https:\/\/ergosolutions.fr\/wp-content\/uploads\/2023\/10\/gros-plan-dame-senior-couper-legumes-planche-768x512.jpg 768w, https:\/\/ergosolutions.fr\/wp-content\/uploads\/2023\/10\/gros-plan-dame-senior-couper-legumes-planche-1536x1024.jpg 1536w, https:\/\/ergosolutions.fr\/wp-content\/uploads\/2023\/10\/gros-plan-dame-senior-couper-legumes-planche-2048x1365.jpg 2048w\" sizes=\"(max-width: 300px) 100vw, 300px\" \/><\/div>\n\t\t<\/a>\n\t\t\t\t<div class=\"elementor-post__text\">\n\t\t\t\t<h2 class=\"elementor-post__title\">\n\t\t\t<a href=\"https:\/\/ergosolutions.fr\/nl\/la-cuisine-therapeutique-bienfaits\/\">\n\t\t\t\tTherapeutisch koken en de voordelen ervan.\t\t\t<\/a>\n\t\t<\/h2>\n\t\t\n\t\t<a class=\"elementor-post__read-more\" href=\"https:\/\/ergosolutions.fr\/nl\/la-cuisine-therapeutique-bienfaits\/\" aria-label=\"Read more about La cuisine th\u00e9rapeutique et ses bienfaits.\" tabindex=\"-1\">\n\t\t\tLees meer \"\t\t<\/a>\n\n\t\t\t\t<\/div>\n\t\t\t\t<\/article>\n\t\t\t\t<article class=\"elementor-post elementor-grid-item post-1121 post type-post status-publish format-standard has-post-thumbnail hentry category-non-classifiee\" role=\"listitem\">\n\t\t\t\t<a class=\"elementor-post__thumbnail__link\" href=\"https:\/\/ergosolutions.fr\/nl\/les-5-regles-dune-cuisine-therapeutique-reussie-pour-un-ehpad-maison-medicalisee-centre-pour-pmr-ou-service-de-reeducation\/\" tabindex=\"-1\">\n\t\t\t<div class=\"elementor-post__thumbnail\"><img loading=\"lazy\" decoding=\"async\" width=\"300\" height=\"185\" src=\"https:\/\/ergosolutions.fr\/wp-content\/uploads\/2022\/04\/cuisine-droite-therapeutique-ergosolutions-11-2021-300x185.jpeg\" class=\"attachment-medium size-medium wp-image-1123\" alt=\"Cuisine droite th\u00e9rapeutique ergosolutions\" srcset=\"https:\/\/ergosolutions.fr\/wp-content\/uploads\/2022\/04\/cuisine-droite-therapeutique-ergosolutions-11-2021-300x185.jpeg 300w, https:\/\/ergosolutions.fr\/wp-content\/uploads\/2022\/04\/cuisine-droite-therapeutique-ergosolutions-11-2021-768x474.jpeg 768w, https:\/\/ergosolutions.fr\/wp-content\/uploads\/2022\/04\/cuisine-droite-therapeutique-ergosolutions-11-2021.jpeg 892w\" sizes=\"(max-width: 300px) 100vw, 300px\" \/><\/div>\n\t\t<\/a>\n\t\t\t\t<div class=\"elementor-post__text\">\n\t\t\t\t<h2 class=\"elementor-post__title\">\n\t\t\t<a href=\"https:\/\/ergosolutions.fr\/nl\/les-5-regles-dune-cuisine-therapeutique-reussie-pour-un-ehpad-maison-medicalisee-centre-pour-pmr-ou-service-de-reeducation\/\">\n\t\t\t\tDe 5 regels voor een succesvolle therapeutische keuken in een EHPAD, verpleeghuis, PRM-centrum of revalidatiedienst.\t\t\t<\/a>\n\t\t<\/h2>\n\t\t\n\t\t<a class=\"elementor-post__read-more\" href=\"https:\/\/ergosolutions.fr\/nl\/les-5-regles-dune-cuisine-therapeutique-reussie-pour-un-ehpad-maison-medicalisee-centre-pour-pmr-ou-service-de-reeducation\/\" aria-label=\"Read more about Les 5 r\u00e8gles d\u2019une cuisine th\u00e9rapeutique r\u00e9ussie pour un EHPAD, maison m\u00e9dicalis\u00e9e, centre pour PMR ou service de r\u00e9\u00e9ducation.\" tabindex=\"-1\">\n\t\t\tLees meer \"\t\t<\/a>\n\n\t\t\t\t<\/div>\n\t\t\t\t<\/article>\n\t\t\t\t<article class=\"elementor-post elementor-grid-item post-1105 post type-post status-publish format-standard has-post-thumbnail hentry category-non-classifiee\" role=\"listitem\">\n\t\t\t\t<a class=\"elementor-post__thumbnail__link\" href=\"https:\/\/ergosolutions.fr\/nl\/maintien-a-domicile-visite-dun-appartement-modele\/\" tabindex=\"-1\">\n\t\t\t<div class=\"elementor-post__thumbnail\"><img loading=\"lazy\" decoding=\"async\" width=\"202\" height=\"300\" src=\"https:\/\/ergosolutions.fr\/wp-content\/uploads\/2022\/04\/Labo-logement-11-202x300.jpeg\" class=\"attachment-medium size-medium wp-image-1116\" alt=\"\" srcset=\"https:\/\/ergosolutions.fr\/wp-content\/uploads\/2022\/04\/Labo-logement-11-202x300.jpeg 202w, https:\/\/ergosolutions.fr\/wp-content\/uploads\/2022\/04\/Labo-logement-11.jpeg 622w\" sizes=\"(max-width: 202px) 100vw, 202px\" \/><\/div>\n\t\t<\/a>\n\t\t\t\t<div class=\"elementor-post__text\">\n\t\t\t\t<h2 class=\"elementor-post__title\">\n\t\t\t<a href=\"https:\/\/ergosolutions.fr\/nl\/maintien-a-domicile-visite-dun-appartement-modele\/\">\n\t\t\t\tThuiszorg: bezoek een modelwoning!\t\t\t<\/a>\n\t\t<\/h2>\n\t\t\n\t\t<a class=\"elementor-post__read-more\" href=\"https:\/\/ergosolutions.fr\/nl\/maintien-a-domicile-visite-dun-appartement-modele\/\" aria-label=\"Read more about Maintien \u00e0 domicile\u00a0: visite d\u2019un appartement mod\u00e8le\u00a0!\" tabindex=\"-1\">\n\t\t\tLees meer \"\t\t<\/a>\n\n\t\t\t\t<\/div>\n\t\t\t\t<\/article>\n\t\t\t\t<article class=\"elementor-post elementor-grid-item post-1096 post type-post status-publish format-standard has-post-thumbnail hentry category-non-classifiee\" role=\"listitem\">\n\t\t\t\t<a class=\"elementor-post__thumbnail__link\" href=\"https:\/\/ergosolutions.fr\/nl\/des-bailleurs-sociaux-innovants\/\" tabindex=\"-1\">\n\t\t\t<div class=\"elementor-post__thumbnail\"><img loading=\"lazy\" decoding=\"async\" width=\"300\" height=\"202\" src=\"https:\/\/ergosolutions.fr\/wp-content\/uploads\/2022\/04\/ergosolutions-bailleur-sociaux-evolutiv-6-1-300x202.jpeg\" class=\"attachment-medium size-medium wp-image-1097\" alt=\"\" srcset=\"https:\/\/ergosolutions.fr\/wp-content\/uploads\/2022\/04\/ergosolutions-bailleur-sociaux-evolutiv-6-1-300x202.jpeg 300w, https:\/\/ergosolutions.fr\/wp-content\/uploads\/2022\/04\/ergosolutions-bailleur-sociaux-evolutiv-6-1-768x516.jpeg 768w, https:\/\/ergosolutions.fr\/wp-content\/uploads\/2022\/04\/ergosolutions-bailleur-sociaux-evolutiv-6-1.jpeg 926w\" sizes=\"(max-width: 300px) 100vw, 300px\" \/><\/div>\n\t\t<\/a>\n\t\t\t\t<div class=\"elementor-post__text\">\n\t\t\t\t<h2 class=\"elementor-post__title\">\n\t\t\t<a href=\"https:\/\/ergosolutions.fr\/nl\/des-bailleurs-sociaux-innovants\/\">\n\t\t\t\tInnovatieve sociale verhuurders!\t\t\t<\/a>\n\t\t<\/h2>\n\t\t\n\t\t<a class=\"elementor-post__read-more\" href=\"https:\/\/ergosolutions.fr\/nl\/des-bailleurs-sociaux-innovants\/\" aria-label=\"Read more about Des bailleurs sociaux innovants !\" tabindex=\"-1\">\n\t\t\tLees meer \"\t\t<\/a>\n\n\t\t\t\t<\/div>\n\t\t\t\t<\/article>\n\t\t\t\t<article class=\"elementor-post elementor-grid-item post-1090 post type-post status-publish format-standard has-post-thumbnail hentry category-non-classifiee\" role=\"listitem\">\n\t\t\t\t<a class=\"elementor-post__thumbnail__link\" href=\"https:\/\/ergosolutions.fr\/nl\/afm-telethon-et-ergosolutions-un-partenariat-reussi\/\" tabindex=\"-1\">\n\t\t\t<div class=\"elementor-post__thumbnail\"><img loading=\"lazy\" decoding=\"async\" width=\"300\" height=\"202\" src=\"https:\/\/ergosolutions.fr\/wp-content\/uploads\/2022\/04\/telethon-ergosolutions-300x202.jpeg\" class=\"attachment-medium size-medium wp-image-1092\" alt=\"\" srcset=\"https:\/\/ergosolutions.fr\/wp-content\/uploads\/2022\/04\/telethon-ergosolutions-300x202.jpeg 300w, https:\/\/ergosolutions.fr\/wp-content\/uploads\/2022\/04\/telethon-ergosolutions-768x516.jpeg 768w, https:\/\/ergosolutions.fr\/wp-content\/uploads\/2022\/04\/telethon-ergosolutions.jpeg 926w\" sizes=\"(max-width: 300px) 100vw, 300px\" \/><\/div>\n\t\t<\/a>\n\t\t\t\t<div class=\"elementor-post__text\">\n\t\t\t\t<h2 class=\"elementor-post__title\">\n\t\t\t<a href=\"https:\/\/ergosolutions.fr\/nl\/afm-telethon-et-ergosolutions-un-partenariat-reussi\/\">\n\t\t\t\tAFM-T\u00e9l\u00e9thon en Ergosolutions, een succesvolle samenwerking!\t\t\t<\/a>\n\t\t<\/h2>\n\t\t\n\t\t<a class=\"elementor-post__read-more\" href=\"https:\/\/ergosolutions.fr\/nl\/afm-telethon-et-ergosolutions-un-partenariat-reussi\/\" aria-label=\"Read more about AFM-T\u00e9l\u00e9thon et Ergosolutions, un partenariat r\u00e9ussi&nbsp;!\" tabindex=\"-1\">\n\t\t\tLees meer \"\t\t<\/a>\n\n\t\t\t\t<\/div>\n\t\t\t\t<\/article>\n\t\t\t\t<article class=\"elementor-post elementor-grid-item post-1083 post type-post status-publish format-standard has-post-thumbnail hentry category-non-classifiee\" role=\"listitem\">\n\t\t\t\t<a class=\"elementor-post__thumbnail__link\" href=\"https:\/\/ergosolutions.fr\/nl\/pourquoi-les-centres-medicalises-optent-ils-pour-les-lits-ergosolutions-%ef%bf%bc\/\" tabindex=\"-1\">\n\t\t\t<div class=\"elementor-post__thumbnail\"><img loading=\"lazy\" decoding=\"async\" width=\"300\" height=\"202\" src=\"https:\/\/ergosolutions.fr\/wp-content\/uploads\/2022\/04\/m-kopp-professionnel-centre-medicalise-300x202.jpeg\" class=\"attachment-medium size-medium wp-image-1085\" alt=\"\" srcset=\"https:\/\/ergosolutions.fr\/wp-content\/uploads\/2022\/04\/m-kopp-professionnel-centre-medicalise-300x202.jpeg 300w, https:\/\/ergosolutions.fr\/wp-content\/uploads\/2022\/04\/m-kopp-professionnel-centre-medicalise-768x516.jpeg 768w, https:\/\/ergosolutions.fr\/wp-content\/uploads\/2022\/04\/m-kopp-professionnel-centre-medicalise.jpeg 926w\" sizes=\"(max-width: 300px) 100vw, 300px\" \/><\/div>\n\t\t<\/a>\n\t\t\t\t<div class=\"elementor-post__text\">\n\t\t\t\t<h2 class=\"elementor-post__title\">\n\t\t\t<a href=\"https:\/\/ergosolutions.fr\/nl\/pourquoi-les-centres-medicalises-optent-ils-pour-les-lits-ergosolutions-%ef%bf%bc\/\">\n\t\t\t\tWaarom kiezen verpleeghuizen voor bedden van Ergosolutions?\t\t\t<\/a>\n\t\t<\/h2>\n\t\t\n\t\t<a class=\"elementor-post__read-more\" href=\"https:\/\/ergosolutions.fr\/nl\/pourquoi-les-centres-medicalises-optent-ils-pour-les-lits-ergosolutions-%ef%bf%bc\/\" aria-label=\"Read more about Pourquoi les centres m\u00e9dicalis\u00e9s optent-ils pour les lits Ergosolutions\u00a0?\ufffc\" tabindex=\"-1\">\n\t\t\tLees meer \"\t\t<\/a>\n\n\t\t\t\t<\/div>\n\t\t\t\t<\/article>\n\t\t\t\t<article class=\"elementor-post elementor-grid-item post-1070 post type-post status-publish format-standard has-post-thumbnail hentry category-non-classifiee\" role=\"listitem\">\n\t\t\t\t<a class=\"elementor-post__thumbnail__link\" href=\"https:\/\/ergosolutions.fr\/nl\/quel-lit-medicalise-pour-quel-handicap-%ef%bf%bc\/\" tabindex=\"-1\">\n\t\t\t<div class=\"elementor-post__thumbnail\"><img loading=\"lazy\" decoding=\"async\" width=\"300\" height=\"202\" src=\"https:\/\/ergosolutions.fr\/wp-content\/uploads\/2022\/04\/Lit-Tipi-Ergosolutions-10-300x202.jpeg\" class=\"attachment-medium size-medium wp-image-1075\" alt=\"\" srcset=\"https:\/\/ergosolutions.fr\/wp-content\/uploads\/2022\/04\/Lit-Tipi-Ergosolutions-10-300x202.jpeg 300w, https:\/\/ergosolutions.fr\/wp-content\/uploads\/2022\/04\/Lit-Tipi-Ergosolutions-10-768x516.jpeg 768w, https:\/\/ergosolutions.fr\/wp-content\/uploads\/2022\/04\/Lit-Tipi-Ergosolutions-10.jpeg 926w\" sizes=\"(max-width: 300px) 100vw, 300px\" \/><\/div>\n\t\t<\/a>\n\t\t\t\t<div class=\"elementor-post__text\">\n\t\t\t\t<h2 class=\"elementor-post__title\">\n\t\t\t<a href=\"https:\/\/ergosolutions.fr\/nl\/quel-lit-medicalise-pour-quel-handicap-%ef%bf%bc\/\">\n\t\t\t\tWelk zorgbed voor welke handicap?\t\t\t<\/a>\n\t\t<\/h2>\n\t\t\n\t\t<a class=\"elementor-post__read-more\" href=\"https:\/\/ergosolutions.fr\/nl\/quel-lit-medicalise-pour-quel-handicap-%ef%bf%bc\/\" aria-label=\"Read more about Quel lit m\u00e9dicalis\u00e9 pour quel handicap\u00a0?\ufffc\" tabindex=\"-1\">\n\t\t\tLees meer \"\t\t<\/a>\n\n\t\t\t\t<\/div>\n\t\t\t\t<\/article>\n\t\t\t\t<\/div>\n\t\t\n\t\t\t\t\t\t<\/div>\n\t\t\t\t<\/div>\n\t\t\t\t\t<\/div>\n\t\t<\/div>\n\t\t\t\t\t<\/div>\n\t\t<\/section>\n\t\t\t\t<\/div>","protected":false},"excerpt":{"rendered":"<p>D\u00e9couvrez le blog d&rsquo;Ergosolutions. D\u00e9couvrez nos articles afin d&rsquo;en savoir plus sur nos produits ou vous faire aider dans le choix du produit id\u00e9al en fonction de la maladie de votre enfant. Vous souhaitez nous contacter afin d&rsquo;obtenir de l&rsquo;aide ?\u00a0 CLIQUER-ICI Bienvenue sur le blog d\u2019Ergosolutions ! Au fil des articles, vous en saurez plus sur nos produits et profiterez de conseils pour vous aider dans votre s\u00e9lection de mobilier pour PMR. Faites votre choix en fonction : &#8211; de vos besoins (maintien \u00e0 domicile, \u00e9quipement pour enfant en situation de handicap, am\u00e9nagement de cuisine ou de salle de bain\u2026),&#8211; du type de maladie, handicap ou trouble : autisme, TSA, hypotonie musculaire, polyhandicap, retard psychomoteur, syndrome de Rett, syndrome d\u2019Angelman, maladie de Huntington ou chor\u00e9e de Huntington, \u00e9pilepsie, crises violentes, automutilation\u2026&#8211; ou du type de mobilier que vous recherchez : lit m\u00e9dicalis\u00e9, lit pour enfant handicap\u00e9, lit pour enfant autiste, cuisine r\u00e9glable, salle de bain am\u00e9nag\u00e9e\u2026 Et pour un conseil sur mesure, nous sommes \u00e0 votre disposition : contactez-nous<\/p>","protected":false},"author":1,"featured_media":0,"parent":0,"menu_order":0,"comment_status":"closed","ping_status":"closed","template":"elementor_header_footer","meta":{"footnotes":""},"class_list":["post-49","page","type-page","status-publish","hentry"],"_links":{"self":[{"href":"https:\/\/ergosolutions.fr\/nl\/wp-json\/wp\/v2\/pages\/49","targetHints":{"allow":["GET"]}}],"collection":[{"href":"https:\/\/ergosolutions.fr\/nl\/wp-json\/wp\/v2\/pages"}],"about":[{"href":"https:\/\/ergosolutions.fr\/nl\/wp-json\/wp\/v2\/types\/page"}],"author":[{"embeddable":true,"href":"https:\/\/ergosolutions.fr\/nl\/wp-json\/wp\/v2\/users\/1"}],"replies":[{"embeddable":true,"href":"https:\/\/ergosolutions.fr\/nl\/wp-json\/wp\/v2\/comments?post=49"}],"version-history":[{"count":33,"href":"https:\/\/ergosolutions.fr\/nl\/wp-json\/wp\/v2\/pages\/49\/revisions"}],"predecessor-version":[{"id":4105,"href":"https:\/\/ergosolutions.fr\/nl\/wp-json\/wp\/v2\/pages\/49\/revisions\/4105"}],"wp:attachment":[{"href":"https:\/\/ergosolutions.fr\/nl\/wp-json\/wp\/v2\/media?parent=49"}],"curies":[{"name":"wp","href":"https:\/\/api.w.org\/{rel}","templated":true}]}}