{"id":632,"date":"2022-03-28T11:54:02","date_gmt":"2022-03-28T09:54:02","guid":{"rendered":"https:\/\/ergosolutions.fr\/?page_id=632"},"modified":"2024-02-24T20:39:05","modified_gmt":"2024-02-24T19:39:05","slug":"cuisine-a-acces-restreint","status":"publish","type":"page","link":"https:\/\/ergosolutions.fr\/nl\/cuisine-ergonomique-pmr-ergosolutions\/cuisine-a-acces-restreint\/","title":{"rendered":"Aanpasbare keuken met beperkte toegang"},"content":{"rendered":"<div data-elementor-type=\"wp-page\" data-elementor-id=\"632\" class=\"elementor elementor-632\" data-elementor-post-type=\"page\">\n\t\t\t\t\t\t<section class=\"elementor-section elementor-top-section elementor-element elementor-element-8c4b618 elementor-section-boxed elementor-section-height-default elementor-section-height-default wpr-particle-no wpr-jarallax-no wpr-parallax-no wpr-sticky-section-no\" data-id=\"8c4b618\" data-element_type=\"section\" data-e-type=\"section\">\n\t\t\t\t\t\t<div class=\"elementor-container elementor-column-gap-default\">\n\t\t\t\t\t<div class=\"elementor-column elementor-col-100 elementor-top-column elementor-element elementor-element-91639c2\" data-id=\"91639c2\" data-element_type=\"column\" data-e-type=\"column\">\n\t\t\t<div class=\"elementor-widget-wrap elementor-element-populated\">\n\t\t\t\t\t\t<div class=\"elementor-element elementor-element-c28429b elementor-widget elementor-widget-shortcode\" data-id=\"c28429b\" data-element_type=\"widget\" data-e-type=\"widget\" data-widget_type=\"shortcode.default\">\n\t\t\t\t<div class=\"elementor-widget-container\">\n\t\t\t\t\t\t\t<div class=\"elementor-shortcode\"><nav aria-label=\"paneermeel\" class=\"rank-math-breadcrumb\"><p><span class=\"last\">Home<\/span><\/p><\/nav><\/div>\n\t\t\t\t\t\t<\/div>\n\t\t\t\t<\/div>\n\t\t\t\t\t<\/div>\n\t\t<\/div>\n\t\t\t\t\t<\/div>\n\t\t<\/section>\n\t\t\t\t<section class=\"elementor-section elementor-top-section elementor-element elementor-element-d7cf89d elementor-section-full_width elementor-section-height-default elementor-section-height-default wpr-particle-no wpr-jarallax-no wpr-parallax-no wpr-sticky-section-no\" data-id=\"d7cf89d\" data-element_type=\"section\" data-e-type=\"section\" data-settings=\"{&quot;shape_divider_bottom&quot;:&quot;mountains&quot;}\">\n\t\t\t\t\t<div class=\"elementor-shape elementor-shape-bottom\" aria-hidden=\"true\" data-negative=\"false\">\n\t\t\t<svg xmlns=\"http:\/\/www.w3.org\/2000\/svg\" viewbox=\"0 0 1000 100\" preserveaspectratio=\"none\">\n\t<path class=\"elementor-shape-fill\" opacity=\"0.33\" d=\"M473,67.3c-203.9,88.3-263.1-34-320.3,0C66,119.1,0,59.7,0,59.7V0h1000v59.7 c0,0-62.1,26.1-94.9,29.3c-32.8,3.3-62.8-12.3-75.8-22.1C806,49.6,745.3,8.7,694.9,4.7S492.4,59,473,67.3z\"\/>\n\t<path class=\"elementor-shape-fill\" opacity=\"0.66\" d=\"M734,67.3c-45.5,0-77.2-23.2-129.1-39.1c-28.6-8.7-150.3-10.1-254,39.1 s-91.7-34.4-149.2,0C115.7,118.3,0,39.8,0,39.8V0h1000v36.5c0,0-28.2-18.5-92.1-18.5C810.2,18.1,775.7,67.3,734,67.3z\"\/>\n\t<path class=\"elementor-shape-fill\" d=\"M766.1,28.9c-200-57.5-266,65.5-395.1,19.5C242,1.8,242,5.4,184.8,20.6C128,35.8,132.3,44.9,89.9,52.5C28.6,63.7,0,0,0,0 h1000c0,0-9.9,40.9-83.6,48.1S829.6,47,766.1,28.9z\"\/>\n<\/svg>\t\t<\/div>\n\t\t\t\t\t<div class=\"elementor-container elementor-column-gap-default\">\n\t\t\t\t\t<div class=\"elementor-column elementor-col-50 elementor-top-column elementor-element elementor-element-4805d59\" data-id=\"4805d59\" data-element_type=\"column\" data-e-type=\"column\" data-settings=\"{&quot;background_background&quot;:&quot;classic&quot;}\">\n\t\t\t<div class=\"elementor-widget-wrap elementor-element-populated\">\n\t\t\t\t\t\t<div class=\"elementor-element elementor-element-9f96c20 elementor-widget elementor-widget-heading\" data-id=\"9f96c20\" data-element_type=\"widget\" data-e-type=\"widget\" data-widget_type=\"heading.default\">\n\t\t\t\t<div class=\"elementor-widget-container\">\n\t\t\t\t\t<h1 class=\"elementor-heading-title elementor-size-default\">Keuken met beperkte toegang.<\/h1>\t\t\t\t<\/div>\n\t\t\t\t<\/div>\n\t\t\t\t<div class=\"elementor-element elementor-element-9c58829 elementor-widget elementor-widget-text-editor\" data-id=\"9c58829\" data-element_type=\"widget\" data-e-type=\"widget\" data-widget_type=\"text-editor.default\">\n\t\t\t\t<div class=\"elementor-widget-container\">\n\t\t\t\t\t\t\t\t\t<p>Om onze keukencatalogus te ontvangen:<\/p>\t\t\t\t\t\t\t\t<\/div>\n\t\t\t\t<\/div>\n\t\t\t\t<div class=\"elementor-element elementor-element-ca92ab9 elementor-align-center elementor-widget elementor-widget-button\" data-id=\"ca92ab9\" data-element_type=\"widget\" data-e-type=\"widget\" data-widget_type=\"button.default\">\n\t\t\t\t<div class=\"elementor-widget-container\">\n\t\t\t\t\t\t\t\t\t<div class=\"elementor-button-wrapper\">\n\t\t\t\t\t<a class=\"elementor-button elementor-button-link elementor-size-sm\" href=\"https:\/\/ergosolutions.fr\/nl\/contact-catalogues\/\">\n\t\t\t\t\t\t<span class=\"elementor-button-content-wrapper\">\n\t\t\t\t\t\t\t\t\t<span class=\"elementor-button-text\">KLIK HIER<\/span>\n\t\t\t\t\t<\/span>\n\t\t\t\t\t<\/a>\n\t\t\t\t<\/div>\n\t\t\t\t\t\t\t\t<\/div>\n\t\t\t\t<\/div>\n\t\t\t\t\t<\/div>\n\t\t<\/div>\n\t\t\t\t<div class=\"elementor-column elementor-col-50 elementor-top-column elementor-element elementor-element-800b97a\" data-id=\"800b97a\" data-element_type=\"column\" data-e-type=\"column\" data-settings=\"{&quot;background_background&quot;:&quot;classic&quot;}\">\n\t\t\t<div class=\"elementor-widget-wrap\">\n\t\t\t\t\t\t\t<\/div>\n\t\t<\/div>\n\t\t\t\t\t<\/div>\n\t\t<\/section>\n\t\t\t\t<section class=\"elementor-section elementor-top-section elementor-element elementor-element-df66a05 elementor-section-boxed elementor-section-height-default elementor-section-height-default wpr-particle-no wpr-jarallax-no wpr-parallax-no wpr-sticky-section-no\" data-id=\"df66a05\" data-element_type=\"section\" data-e-type=\"section\">\n\t\t\t\t\t\t<div class=\"elementor-container elementor-column-gap-default\">\n\t\t\t\t\t<div class=\"elementor-column elementor-col-100 elementor-top-column elementor-element elementor-element-54eb95f\" data-id=\"54eb95f\" data-element_type=\"column\" data-e-type=\"column\">\n\t\t\t<div class=\"elementor-widget-wrap elementor-element-populated\">\n\t\t\t\t\t\t<div class=\"elementor-element elementor-element-4032319 elementor-widget elementor-widget-heading\" data-id=\"4032319\" data-element_type=\"widget\" data-e-type=\"widget\" data-widget_type=\"heading.default\">\n\t\t\t\t<div class=\"elementor-widget-container\">\n\t\t\t\t\t<h2 class=\"elementor-heading-title elementor-size-default\">De voordelen van een keuken met beperkte toegang : <\/h2>\t\t\t\t<\/div>\n\t\t\t\t<\/div>\n\t\t\t\t<div class=\"elementor-element elementor-element-4ebf4cb elementor-widget elementor-widget-text-editor\" data-id=\"4ebf4cb\" data-element_type=\"widget\" data-e-type=\"widget\" data-widget_type=\"text-editor.default\">\n\t\t\t\t<div class=\"elementor-widget-container\">\n\t\t\t\t\t\t\t\t\t<p>Dankzij keukens met beperkte toegang voor gehandicapten kunnen bewoners in alle rust koken.<br \/>De toegang tot de keuken kan worden afgesloten met een afsluitbare deur, ideaal voor gebruik in centra waar <a href=\"https:\/\/www.larousse.fr\/dictionnaires\/francais\/s\u00e9curiser\/71788\" target=\"_blank\" rel=\"noopener\">beveilig<\/a> de toegankelijkheid van de site.<\/p><p>DE + PRODUCTEN<br \/>- Beveiligde toegang tot de keuken<br \/>- Aangepast voor gehandicapten<br \/>- Elektrisch in hoogte verstelbaar werkblad.<br \/>- Afsluitbare deur.<\/p>\t\t\t\t\t\t\t\t<\/div>\n\t\t\t\t<\/div>\n\t\t\t\t\t<\/div>\n\t\t<\/div>\n\t\t\t\t\t<\/div>\n\t\t<\/section>\n\t\t\t\t<section class=\"elementor-section elementor-top-section elementor-element elementor-element-a1a200c elementor-section-boxed elementor-section-height-default elementor-section-height-default wpr-particle-no wpr-jarallax-no wpr-parallax-no wpr-sticky-section-no\" data-id=\"a1a200c\" data-element_type=\"section\" data-e-type=\"section\" data-settings=\"{&quot;background_background&quot;:&quot;classic&quot;,&quot;shape_divider_top&quot;:&quot;mountains&quot;}\">\n\t\t\t\t\t<div class=\"elementor-shape elementor-shape-top\" aria-hidden=\"true\" data-negative=\"false\">\n\t\t\t<svg xmlns=\"http:\/\/www.w3.org\/2000\/svg\" viewbox=\"0 0 1000 100\" preserveaspectratio=\"none\">\n\t<path class=\"elementor-shape-fill\" opacity=\"0.33\" d=\"M473,67.3c-203.9,88.3-263.1-34-320.3,0C66,119.1,0,59.7,0,59.7V0h1000v59.7 c0,0-62.1,26.1-94.9,29.3c-32.8,3.3-62.8-12.3-75.8-22.1C806,49.6,745.3,8.7,694.9,4.7S492.4,59,473,67.3z\"\/>\n\t<path class=\"elementor-shape-fill\" opacity=\"0.66\" d=\"M734,67.3c-45.5,0-77.2-23.2-129.1-39.1c-28.6-8.7-150.3-10.1-254,39.1 s-91.7-34.4-149.2,0C115.7,118.3,0,39.8,0,39.8V0h1000v36.5c0,0-28.2-18.5-92.1-18.5C810.2,18.1,775.7,67.3,734,67.3z\"\/>\n\t<path class=\"elementor-shape-fill\" d=\"M766.1,28.9c-200-57.5-266,65.5-395.1,19.5C242,1.8,242,5.4,184.8,20.6C128,35.8,132.3,44.9,89.9,52.5C28.6,63.7,0,0,0,0 h1000c0,0-9.9,40.9-83.6,48.1S829.6,47,766.1,28.9z\"\/>\n<\/svg>\t\t<\/div>\n\t\t\t\t\t<div class=\"elementor-container elementor-column-gap-default\">\n\t\t\t\t\t<div class=\"elementor-column elementor-col-100 elementor-top-column elementor-element elementor-element-ee04298\" data-id=\"ee04298\" data-element_type=\"column\" data-e-type=\"column\">\n\t\t\t<div class=\"elementor-widget-wrap elementor-element-populated\">\n\t\t\t\t\t\t<div class=\"elementor-element elementor-element-9fee644 elementor-widget elementor-widget-gallery\" data-id=\"9fee644\" data-element_type=\"widget\" data-e-type=\"widget\" data-settings=\"{&quot;lazyload&quot;:&quot;yes&quot;,&quot;gallery_layout&quot;:&quot;grid&quot;,&quot;columns&quot;:4,&quot;columns_tablet&quot;:2,&quot;columns_mobile&quot;:1,&quot;gap&quot;:{&quot;unit&quot;:&quot;px&quot;,&quot;size&quot;:10,&quot;sizes&quot;:[]},&quot;gap_tablet&quot;:{&quot;unit&quot;:&quot;px&quot;,&quot;size&quot;:10,&quot;sizes&quot;:[]},&quot;gap_mobile&quot;:{&quot;unit&quot;:&quot;px&quot;,&quot;size&quot;:10,&quot;sizes&quot;:[]},&quot;link_to&quot;:&quot;file&quot;,&quot;aspect_ratio&quot;:&quot;3:2&quot;,&quot;overlay_background&quot;:&quot;yes&quot;,&quot;content_hover_animation&quot;:&quot;fade-in&quot;}\" data-widget_type=\"gallery.default\">\n\t\t\t\t<div class=\"elementor-widget-container\">\n\t\t\t\t\t\t\t<div class=\"elementor-gallery__container\">\n\t\t\t\t\t\t\t<a class=\"e-gallery-item elementor-gallery-item elementor-animated-content\" href=\"https:\/\/ergosolutions.fr\/wp-content\/uploads\/2022\/03\/cuisine-acces-restreint-5.jpeg\" data-elementor-open-lightbox=\"yes\" data-elementor-lightbox-slideshow=\"9fee644\" data-e-action-hash=\"#elementor-action%3Aaction%3Dlightbox%26settings%3DeyJpZCI6NzA5LCJ1cmwiOiJodHRwczpcL1wvZXJnb3NvbHV0aW9ucy5mclwvd3AtY29udGVudFwvdXBsb2Fkc1wvMjAyMlwvMDNcL2N1aXNpbmUtYWNjZXMtcmVzdHJlaW50LTUuanBlZyIsInNsaWRlc2hvdyI6IjlmZWU2NDQifQ%3D%3D\">\n\t\t\t\t\t<div class=\"e-gallery-image elementor-gallery-item__image\" data-thumbnail=\"https:\/\/ergosolutions.fr\/wp-content\/uploads\/2022\/03\/cuisine-acces-restreint-5-300x185.jpeg\" data-width=\"300\" data-height=\"185\" aria-label=\"Beperkte toegang Keuken,\" role=\"img\" ><\/div>\n\t\t\t\t\t\t\t\t\t\t\t<div class=\"elementor-gallery-item__overlay\"><\/div>\n\t\t\t\t\t\t\t\t\t\t\t\t\t\t<\/a>\n\t\t\t\t\t\t\t<a class=\"e-gallery-item elementor-gallery-item elementor-animated-content\" href=\"https:\/\/ergosolutions.fr\/wp-content\/uploads\/2022\/03\/cuisine-acces-restreint-6a.jpeg\" data-elementor-open-lightbox=\"yes\" data-elementor-lightbox-slideshow=\"9fee644\" data-e-action-hash=\"#elementor-action%3Aaction%3Dlightbox%26settings%3DeyJpZCI6NzEwLCJ1cmwiOiJodHRwczpcL1wvZXJnb3NvbHV0aW9ucy5mclwvd3AtY29udGVudFwvdXBsb2Fkc1wvMjAyMlwvMDNcL2N1aXNpbmUtYWNjZXMtcmVzdHJlaW50LTZhLmpwZWciLCJzbGlkZXNob3ciOiI5ZmVlNjQ0In0%3D\">\n\t\t\t\t\t<div class=\"e-gallery-image elementor-gallery-item__image\" data-thumbnail=\"https:\/\/ergosolutions.fr\/wp-content\/uploads\/2022\/03\/cuisine-acces-restreint-6a-300x185.jpeg\" data-width=\"300\" data-height=\"185\" aria-label=\"\" role=\"img\" ><\/div>\n\t\t\t\t\t\t\t\t\t\t\t<div class=\"elementor-gallery-item__overlay\"><\/div>\n\t\t\t\t\t\t\t\t\t\t\t\t\t\t<\/a>\n\t\t\t\t\t\t\t<a class=\"e-gallery-item elementor-gallery-item elementor-animated-content\" href=\"https:\/\/ergosolutions.fr\/wp-content\/uploads\/2022\/03\/cuisine-acces-restreint-7a.jpeg\" data-elementor-open-lightbox=\"yes\" data-elementor-lightbox-slideshow=\"9fee644\" data-e-action-hash=\"#elementor-action%3Aaction%3Dlightbox%26settings%3DeyJpZCI6NzExLCJ1cmwiOiJodHRwczpcL1wvZXJnb3NvbHV0aW9ucy5mclwvd3AtY29udGVudFwvdXBsb2Fkc1wvMjAyMlwvMDNcL2N1aXNpbmUtYWNjZXMtcmVzdHJlaW50LTdhLmpwZWciLCJzbGlkZXNob3ciOiI5ZmVlNjQ0In0%3D\">\n\t\t\t\t\t<div class=\"e-gallery-image elementor-gallery-item__image\" data-thumbnail=\"https:\/\/ergosolutions.fr\/wp-content\/uploads\/2022\/03\/cuisine-acces-restreint-7a-300x185.jpeg\" data-width=\"300\" data-height=\"185\" aria-label=\"\" role=\"img\" ><\/div>\n\t\t\t\t\t\t\t\t\t\t\t<div class=\"elementor-gallery-item__overlay\"><\/div>\n\t\t\t\t\t\t\t\t\t\t\t\t\t\t<\/a>\n\t\t\t\t\t\t\t<a class=\"e-gallery-item elementor-gallery-item elementor-animated-content\" href=\"https:\/\/ergosolutions.fr\/wp-content\/uploads\/2022\/03\/cuisine-acces-restreint-8a.jpeg\" data-elementor-open-lightbox=\"yes\" data-elementor-lightbox-slideshow=\"9fee644\" data-e-action-hash=\"#elementor-action%3Aaction%3Dlightbox%26settings%3DeyJpZCI6NzEyLCJ1cmwiOiJodHRwczpcL1wvZXJnb3NvbHV0aW9ucy5mclwvd3AtY29udGVudFwvdXBsb2Fkc1wvMjAyMlwvMDNcL2N1aXNpbmUtYWNjZXMtcmVzdHJlaW50LThhLmpwZWciLCJzbGlkZXNob3ciOiI5ZmVlNjQ0In0%3D\">\n\t\t\t\t\t<div class=\"e-gallery-image elementor-gallery-item__image\" data-thumbnail=\"https:\/\/ergosolutions.fr\/wp-content\/uploads\/2022\/03\/cuisine-acces-restreint-8a-300x185.jpeg\" data-width=\"300\" data-height=\"185\" aria-label=\"\" role=\"img\" ><\/div>\n\t\t\t\t\t\t\t\t\t\t\t<div class=\"elementor-gallery-item__overlay\"><\/div>\n\t\t\t\t\t\t\t\t\t\t\t\t\t\t<\/a>\n\t\t\t\t\t\t\t<a class=\"e-gallery-item elementor-gallery-item elementor-animated-content\" href=\"https:\/\/ergosolutions.fr\/wp-content\/uploads\/2022\/03\/cuisine-acces-restreint-10.jpeg\" data-elementor-open-lightbox=\"yes\" data-elementor-lightbox-slideshow=\"9fee644\" data-e-action-hash=\"#elementor-action%3Aaction%3Dlightbox%26settings%3DeyJpZCI6NzE0LCJ1cmwiOiJodHRwczpcL1wvZXJnb3NvbHV0aW9ucy5mclwvd3AtY29udGVudFwvdXBsb2Fkc1wvMjAyMlwvMDNcL2N1aXNpbmUtYWNjZXMtcmVzdHJlaW50LTEwLmpwZWciLCJzbGlkZXNob3ciOiI5ZmVlNjQ0In0%3D\">\n\t\t\t\t\t<div class=\"e-gallery-image elementor-gallery-item__image\" data-thumbnail=\"https:\/\/ergosolutions.fr\/wp-content\/uploads\/2022\/03\/cuisine-acces-restreint-10-300x185.jpeg\" data-width=\"300\" data-height=\"185\" aria-label=\"\" role=\"img\" ><\/div>\n\t\t\t\t\t\t\t\t\t\t\t<div class=\"elementor-gallery-item__overlay\"><\/div>\n\t\t\t\t\t\t\t\t\t\t\t\t\t\t<\/a>\n\t\t\t\t\t\t\t<a class=\"e-gallery-item elementor-gallery-item elementor-animated-content\" href=\"https:\/\/ergosolutions.fr\/wp-content\/uploads\/2022\/03\/cuisine-acces-restreint-9a.jpeg\" data-elementor-open-lightbox=\"yes\" data-elementor-lightbox-slideshow=\"9fee644\" data-e-action-hash=\"#elementor-action%3Aaction%3Dlightbox%26settings%3DeyJpZCI6NzEzLCJ1cmwiOiJodHRwczpcL1wvZXJnb3NvbHV0aW9ucy5mclwvd3AtY29udGVudFwvdXBsb2Fkc1wvMjAyMlwvMDNcL2N1aXNpbmUtYWNjZXMtcmVzdHJlaW50LTlhLmpwZWciLCJzbGlkZXNob3ciOiI5ZmVlNjQ0In0%3D\">\n\t\t\t\t\t<div class=\"e-gallery-image elementor-gallery-item__image\" data-thumbnail=\"https:\/\/ergosolutions.fr\/wp-content\/uploads\/2022\/03\/cuisine-acces-restreint-9a-300x185.jpeg\" data-width=\"300\" data-height=\"185\" aria-label=\"\" role=\"img\" ><\/div>\n\t\t\t\t\t\t\t\t\t\t\t<div class=\"elementor-gallery-item__overlay\"><\/div>\n\t\t\t\t\t\t\t\t\t\t\t\t\t\t<\/a>\n\t\t\t\t\t\t\t<a class=\"e-gallery-item elementor-gallery-item elementor-animated-content\" href=\"https:\/\/ergosolutions.fr\/wp-content\/uploads\/2022\/03\/cuisine-acces-restreint-4.jpeg\" data-elementor-open-lightbox=\"yes\" data-elementor-lightbox-slideshow=\"9fee644\" data-e-action-hash=\"#elementor-action%3Aaction%3Dlightbox%26settings%3DeyJpZCI6NzA4LCJ1cmwiOiJodHRwczpcL1wvZXJnb3NvbHV0aW9ucy5mclwvd3AtY29udGVudFwvdXBsb2Fkc1wvMjAyMlwvMDNcL2N1aXNpbmUtYWNjZXMtcmVzdHJlaW50LTQuanBlZyIsInNsaWRlc2hvdyI6IjlmZWU2NDQifQ%3D%3D\">\n\t\t\t\t\t<div class=\"e-gallery-image elementor-gallery-item__image\" data-thumbnail=\"https:\/\/ergosolutions.fr\/wp-content\/uploads\/2022\/03\/cuisine-acces-restreint-4-300x185.jpeg\" data-width=\"300\" data-height=\"185\" aria-label=\"\" role=\"img\" ><\/div>\n\t\t\t\t\t\t\t\t\t\t\t<div class=\"elementor-gallery-item__overlay\"><\/div>\n\t\t\t\t\t\t\t\t\t\t\t\t\t\t<\/a>\n\t\t\t\t\t\t\t<a class=\"e-gallery-item elementor-gallery-item elementor-animated-content\" href=\"https:\/\/ergosolutions.fr\/wp-content\/uploads\/2022\/03\/cuisine-acces-restreint-3.jpeg\" data-elementor-open-lightbox=\"yes\" data-elementor-lightbox-slideshow=\"9fee644\" data-e-action-hash=\"#elementor-action%3Aaction%3Dlightbox%26settings%3DeyJpZCI6NzA3LCJ1cmwiOiJodHRwczpcL1wvZXJnb3NvbHV0aW9ucy5mclwvd3AtY29udGVudFwvdXBsb2Fkc1wvMjAyMlwvMDNcL2N1aXNpbmUtYWNjZXMtcmVzdHJlaW50LTMuanBlZyIsInNsaWRlc2hvdyI6IjlmZWU2NDQifQ%3D%3D\">\n\t\t\t\t\t<div class=\"e-gallery-image elementor-gallery-item__image\" data-thumbnail=\"https:\/\/ergosolutions.fr\/wp-content\/uploads\/2022\/03\/cuisine-acces-restreint-3-300x185.jpeg\" data-width=\"300\" data-height=\"185\" aria-label=\"\" role=\"img\" ><\/div>\n\t\t\t\t\t\t\t\t\t\t\t<div class=\"elementor-gallery-item__overlay\"><\/div>\n\t\t\t\t\t\t\t\t\t\t\t\t\t\t<\/a>\n\t\t\t\t\t<\/div>\n\t\t\t\t\t<\/div>\n\t\t\t\t<\/div>\n\t\t\t\t\t<\/div>\n\t\t<\/div>\n\t\t\t\t\t<\/div>\n\t\t<\/section>\n\t\t\t\t<\/div>","protected":false},"excerpt":{"rendered":"<p>Cuisine \u00e0 acc\u00e8s restreint. Pour recevoir notre catalogue de la cuisine \u00e0 acc\u00e8s : CLIQUER-ICI Les avantages de la cuisine \u00e0 acc\u00e8s restreint : Les cuisines adapt\u00e9es handicap \u00e0 acc\u00e8s restreint permettent de cuisiner en toute tranquillit\u00e9 avec les r\u00e9sidents.L\u2019acc\u00e8s \u00e0 la cuisine peut \u00eatre ferm\u00e9 avec une porte \u00e0 cl\u00e9, id\u00e9ale en centre o\u00f9 l\u2019on a besoin de s\u00e9curiser l\u2019accessibilit\u00e9 du lieu. LES + PRODUITS\u2022 Acc\u00e8s s\u00e9curis\u00e9 \u00e0 la cuisine\u2022 Adapt\u00e9e handicap\u2022 Plan de travail r\u00e9glable en hauteur \u00e9lectriquement.\u2022 Ferm\u00e9e avec une porte \u00e0 cl\u00e9.<\/p>","protected":false},"author":1,"featured_media":2221,"parent":34,"menu_order":0,"comment_status":"closed","ping_status":"closed","template":"elementor_header_footer","meta":{"footnotes":""},"class_list":["post-632","page","type-page","status-publish","has-post-thumbnail","hentry"],"_links":{"self":[{"href":"https:\/\/ergosolutions.fr\/nl\/wp-json\/wp\/v2\/pages\/632","targetHints":{"allow":["GET"]}}],"collection":[{"href":"https:\/\/ergosolutions.fr\/nl\/wp-json\/wp\/v2\/pages"}],"about":[{"href":"https:\/\/ergosolutions.fr\/nl\/wp-json\/wp\/v2\/types\/page"}],"author":[{"embeddable":true,"href":"https:\/\/ergosolutions.fr\/nl\/wp-json\/wp\/v2\/users\/1"}],"replies":[{"embeddable":true,"href":"https:\/\/ergosolutions.fr\/nl\/wp-json\/wp\/v2\/comments?post=632"}],"version-history":[{"count":36,"href":"https:\/\/ergosolutions.fr\/nl\/wp-json\/wp\/v2\/pages\/632\/revisions"}],"predecessor-version":[{"id":4234,"href":"https:\/\/ergosolutions.fr\/nl\/wp-json\/wp\/v2\/pages\/632\/revisions\/4234"}],"up":[{"embeddable":true,"href":"https:\/\/ergosolutions.fr\/nl\/wp-json\/wp\/v2\/pages\/34"}],"wp:featuredmedia":[{"embeddable":true,"href":"https:\/\/ergosolutions.fr\/nl\/wp-json\/wp\/v2\/media\/2221"}],"wp:attachment":[{"href":"https:\/\/ergosolutions.fr\/nl\/wp-json\/wp\/v2\/media?parent=632"}],"curies":[{"name":"wp","href":"https:\/\/api.w.org\/{rel}","templated":true}]}}